{"id":1467,"date":"2024-06-10T00:23:08","date_gmt":"2024-06-10T00:23:08","guid":{"rendered":"https:\/\/3at.ma\/?page_id=1467"},"modified":"2024-10-20T16:52:23","modified_gmt":"2024-10-20T16:52:23","slug":"natura-living-2","status":"publish","type":"page","link":"https:\/\/3at.ma\/index.php\/natura-living-2\/","title":{"rendered":"Natura Living"},"content":{"rendered":"\t\t<div data-elementor-type=\"wp-page\" data-elementor-id=\"1467\" class=\"elementor elementor-1467\">\n\t\t\t\t<div class=\"elementor-element elementor-element-36659e5 e-flex e-con-boxed e-con e-parent\" data-id=\"36659e5\" data-element_type=\"container\">\n\t\t\t\t\t<div class=\"e-con-inner\">\n\t\t\t\t\t<\/div>\n\t\t\t\t<\/div>\n\t\t<div class=\"elementor-element elementor-element-45f689f e-con-full e-flex e-con e-parent\" data-id=\"45f689f\" data-element_type=\"container\" data-settings=\"{&quot;background_background&quot;:&quot;classic&quot;}\">\n\t\t\t\t<\/div>\n\t\t<div class=\"elementor-element elementor-element-a49b74f e-flex e-con-boxed e-con e-parent\" data-id=\"a49b74f\" data-element_type=\"container\">\n\t\t\t\t\t<div class=\"e-con-inner\">\n\t\t\t\t<div class=\"elementor-element elementor-element-33865ca elementor-widget elementor-widget-heading\" data-id=\"33865ca\" data-element_type=\"widget\" data-widget_type=\"heading.default\">\n\t\t\t\t<div class=\"elementor-widget-container\">\n\t\t\t\t\t<h2 class=\"elementor-heading-title elementor-size-default\">Natura Living<\/h2>\t\t\t\t<\/div>\n\t\t\t\t<\/div>\n\t\t\t\t<div class=\"elementor-element elementor-element-281fc1d elementor-widget elementor-widget-text-editor\" data-id=\"281fc1d\" data-element_type=\"widget\" data-widget_type=\"text-editor.default\">\n\t\t\t\t<div class=\"elementor-widget-container\">\n\t\t\t\t\t\t\t\t\t<p>Un ilot de logement qui a \u00e9t\u00e9 l\u2019occasion d\u2019exp\u00e9rimenter plusieurs exp\u00e9rimentations structurelles et esth\u00e9tiques. Natura Living\u00a0 est un projet qui mise essentiellement sur la qualit\u00e9 de la vie collective. Le projet inclut donc plusieurs espaces de vie comme une salle de sport, des piscines ext\u00e9rieurs et int\u00e9rieurs, un kids club et une serie de jardins. Le projet a connu l\u2019utilisation d\u2019un syst\u00e8me de fondation innovant parois berlinoise ainsi que l\u2019utiilisation en fa\u00e7ade de l\u2019alucobond vert qui ets une m\u00e9taphore de la nature.<\/p>\t\t\t\t\t\t\t\t<\/div>\n\t\t\t\t<\/div>\n\t\t\t\t\t<\/div>\n\t\t\t\t<\/div>\n\t\t<div class=\"elementor-element elementor-element-e40ca71 elementor-hidden-mobile e-flex e-con-boxed e-con e-parent\" data-id=\"e40ca71\" data-element_type=\"container\">\n\t\t\t\t\t<div class=\"e-con-inner\">\n\t\t<div class=\"elementor-element elementor-element-c47f971 e-con-full e-flex e-con e-child\" data-id=\"c47f971\" data-element_type=\"container\">\n\t\t\t\t<div class=\"elementor-element elementor-element-c58b14e elementor-widget elementor-widget-text-editor\" data-id=\"c58b14e\" data-element_type=\"widget\" data-widget_type=\"text-editor.default\">\n\t\t\t\t<div class=\"elementor-widget-container\">\n\t\t\t\t\t\t\t\t\t<p>Localisation<br \/>Ann\u00e9e<br \/>Programme<br \/>Co\u00fbt des travaux\u00a0<br \/>Maitrise d\u2019ouvrage\u00a0<br \/>\u00c9tat<\/p>\t\t\t\t\t\t\t\t<\/div>\n\t\t\t\t<\/div>\n\t\t\t\t<\/div>\n\t\t<div class=\"elementor-element elementor-element-7483daa e-con-full e-flex e-con e-child\" data-id=\"7483daa\" data-element_type=\"container\">\n\t\t\t\t<div class=\"elementor-element elementor-element-94c1bed elementor-widget elementor-widget-text-editor\" data-id=\"94c1bed\" data-element_type=\"widget\" data-widget_type=\"text-editor.default\">\n\t\t\t\t<div class=\"elementor-widget-container\">\n\t\t\t\t\t\t\t\t\t<p>Mohamm\u00e9dia &#8211; MAROC<br \/>2012 &#8211; En cours<br \/>Logements &#8211; Commerces<br \/>13.000.000 Dh TTC<br \/>Groupe ALLALI<br \/>Chantier en cours<\/p>\t\t\t\t\t\t\t\t<\/div>\n\t\t\t\t<\/div>\n\t\t\t\t<\/div>\n\t\t\t\t\t<\/div>\n\t\t\t\t<\/div>\n\t\t<div class=\"elementor-element elementor-element-9fa6db8 e-grid elementor-hidden-desktop elementor-hidden-tablet e-con-boxed e-con e-parent\" data-id=\"9fa6db8\" data-element_type=\"container\">\n\t\t\t\t\t<div class=\"e-con-inner\">\n\t\t\t\t<div class=\"elementor-element elementor-element-6beaf52 elementor-widget elementor-widget-text-editor\" data-id=\"6beaf52\" data-element_type=\"widget\" data-widget_type=\"text-editor.default\">\n\t\t\t\t<div class=\"elementor-widget-container\">\n\t\t\t\t\t\t\t\t\t<p>Localisation<br \/>Ann\u00e9e<br \/>Programme<br \/>Co\u00fbt des travaux\u00a0<br \/>Maitrise d\u2019ouvrage\u00a0<br \/>\u00c9tat<\/p>\t\t\t\t\t\t\t\t<\/div>\n\t\t\t\t<\/div>\n\t\t\t\t<div class=\"elementor-element elementor-element-2faa529 elementor-widget elementor-widget-text-editor\" data-id=\"2faa529\" data-element_type=\"widget\" data-widget_type=\"text-editor.default\">\n\t\t\t\t<div class=\"elementor-widget-container\">\n\t\t\t\t\t\t\t\t\t<p>Mohamm\u00e9dia &#8211; MAROC<br \/>2012 &#8211; En cours<br \/>Logements &#8211; Commerces<br \/>13.000.000 Dh TTC<br \/>Groupe ALLALI<br \/>Chantier en cours<\/p>\t\t\t\t\t\t\t\t<\/div>\n\t\t\t\t<\/div>\n\t\t\t\t\t<\/div>\n\t\t\t\t<\/div>\n\t\t<div class=\"elementor-element elementor-element-5f8e13b e-flex e-con-boxed e-con e-parent\" data-id=\"5f8e13b\" data-element_type=\"container\">\n\t\t\t\t\t<div class=\"e-con-inner\">\n\t\t\t\t<div class=\"elementor-element elementor-element-776df4d elementor-widget elementor-widget-image\" data-id=\"776df4d\" data-element_type=\"widget\" data-widget_type=\"image.default\">\n\t\t\t\t<div class=\"elementor-widget-container\">\n\t\t\t\t\t\t\t\t\t\t\t\t\t\t\t<img fetchpriority=\"high\" decoding=\"async\" width=\"2560\" height=\"1946\" src=\"https:\/\/3at.ma\/wp-content\/uploads\/2024\/07\/natura-living-7-scaled.jpg\" class=\"attachment-full size-full wp-image-2912\" alt=\"\" srcset=\"https:\/\/3at.ma\/wp-content\/uploads\/2024\/07\/natura-living-7-scaled.jpg 2560w, https:\/\/3at.ma\/wp-content\/uploads\/2024\/07\/natura-living-7-300x228.jpg 300w, https:\/\/3at.ma\/wp-content\/uploads\/2024\/07\/natura-living-7-1024x778.jpg 1024w, https:\/\/3at.ma\/wp-content\/uploads\/2024\/07\/natura-living-7-768x584.jpg 768w, https:\/\/3at.ma\/wp-content\/uploads\/2024\/07\/natura-living-7-1536x1168.jpg 1536w, https:\/\/3at.ma\/wp-content\/uploads\/2024\/07\/natura-living-7-2048x1557.jpg 2048w\" sizes=\"(max-width: 2560px) 100vw, 2560px\" \/>\t\t\t\t\t\t\t\t\t\t\t\t\t\t\t<\/div>\n\t\t\t\t<\/div>\n\t\t\t\t\t<\/div>\n\t\t\t\t<\/div>\n\t\t<div class=\"elementor-element elementor-element-e574bd1 e-flex e-con-boxed e-con e-parent\" data-id=\"e574bd1\" data-element_type=\"container\">\n\t\t\t\t\t<div class=\"e-con-inner\">\n\t\t<div class=\"elementor-element elementor-element-37a140f e-con-full e-flex e-con e-child\" data-id=\"37a140f\" data-element_type=\"container\" data-settings=\"{&quot;background_background&quot;:&quot;classic&quot;}\">\n\t\t\t\t<\/div>\n\t\t<div class=\"elementor-element elementor-element-a89201b e-con-full e-flex e-con e-child\" data-id=\"a89201b\" data-element_type=\"container\" data-settings=\"{&quot;background_background&quot;:&quot;classic&quot;}\">\n\t\t\t\t<\/div>\n\t\t\t\t\t<\/div>\n\t\t\t\t<\/div>\n\t\t<div class=\"elementor-element elementor-element-906381f e-flex e-con-boxed e-con e-parent\" data-id=\"906381f\" data-element_type=\"container\">\n\t\t\t\t\t<div class=\"e-con-inner\">\n\t\t<div class=\"elementor-element elementor-element-eb50240 e-con-full e-flex e-con e-child\" data-id=\"eb50240\" data-element_type=\"container\" data-settings=\"{&quot;background_background&quot;:&quot;classic&quot;}\">\n\t\t\t\t<\/div>\n\t\t<div class=\"elementor-element elementor-element-6ccb1b7 e-con-full e-flex e-con e-child\" data-id=\"6ccb1b7\" data-element_type=\"container\" data-settings=\"{&quot;background_background&quot;:&quot;classic&quot;}\">\n\t\t\t\t<\/div>\n\t\t<div class=\"elementor-element elementor-element-3cd2ba8 e-con-full e-flex e-con e-child\" data-id=\"3cd2ba8\" data-element_type=\"container\" data-settings=\"{&quot;background_background&quot;:&quot;classic&quot;}\">\n\t\t\t\t<\/div>\n\t\t\t\t\t<\/div>\n\t\t\t\t<\/div>\n\t\t<div class=\"elementor-element elementor-element-19aa281 e-flex e-con-boxed e-con e-parent\" data-id=\"19aa281\" data-element_type=\"container\">\n\t\t\t\t\t<div class=\"e-con-inner\">\n\t\t<div class=\"elementor-element elementor-element-8f7304c e-con-full e-flex e-con e-child\" data-id=\"8f7304c\" data-element_type=\"container\" data-settings=\"{&quot;background_background&quot;:&quot;classic&quot;}\">\n\t\t\t\t<\/div>\n\t\t<div class=\"elementor-element elementor-element-727d75c e-con-full e-flex e-con e-child\" data-id=\"727d75c\" data-element_type=\"container\" data-settings=\"{&quot;background_background&quot;:&quot;classic&quot;}\">\n\t\t\t\t<\/div>\n\t\t<div class=\"elementor-element elementor-element-27abb7b e-con-full e-flex e-con e-child\" data-id=\"27abb7b\" data-element_type=\"container\" data-settings=\"{&quot;background_background&quot;:&quot;classic&quot;}\">\n\t\t\t\t<\/div>\n\t\t\t\t\t<\/div>\n\t\t\t\t<\/div>\n\t\t<div class=\"elementor-element elementor-element-2de71d1 e-flex e-con-boxed e-con e-parent\" data-id=\"2de71d1\" data-element_type=\"container\">\n\t\t\t\t\t<div class=\"e-con-inner\">\n\t\t\t\t<div class=\"elementor-element elementor-element-978dc36 elementor-widget elementor-widget-video\" data-id=\"978dc36\" data-element_type=\"widget\" data-settings=\"{&quot;video_type&quot;:&quot;hosted&quot;,&quot;autoplay&quot;:&quot;yes&quot;,&quot;mute&quot;:&quot;yes&quot;,&quot;loop&quot;:&quot;yes&quot;}\" data-widget_type=\"video.default\">\n\t\t\t\t<div class=\"elementor-widget-container\">\n\t\t\t\t\t\t\t<div class=\"e-hosted-video elementor-wrapper elementor-open-inline\">\n\t\t\t\t\t<video class=\"elementor-video\" src=\"https:\/\/3at.ma\/wp-content\/uploads\/2024\/08\/natura.mp4\" autoplay=\"\" loop=\"\" muted=\"muted\" controlsList=\"nodownload\"><\/video>\n\t\t\t\t<\/div>\n\t\t\t\t\t\t<\/div>\n\t\t\t\t<\/div>\n\t\t\t\t\t<\/div>\n\t\t\t\t<\/div>\n\t\t<div class=\"elementor-element elementor-element-6284263 e-con-full e-flex e-con e-parent\" data-id=\"6284263\" data-element_type=\"container\">\n\t\t\t\t<div class=\"elementor-element elementor-element-2cd0d6d elementor-widget elementor-widget-shortcode\" data-id=\"2cd0d6d\" data-element_type=\"widget\" data-widget_type=\"shortcode.default\">\n\t\t\t\t<div class=\"elementor-widget-container\">\n\t\t\t\t\t\t\t<div class=\"elementor-shortcode\">    <div class=\"slider-container\" onmousemove=\"handleMouseMove(event)\" onclick=\"handleClick(event)\">\n        <div class=\"slider\">\n            <div class=\"slide\"><img decoding=\"async\" src=\"https:\/\/3at.ma\/wp-content\/uploads\/2024\/07\/natura-living-7-scaled.jpg\" alt=\"Slide Image\"><\/div><div class=\"slide\"><img decoding=\"async\" src=\"https:\/\/3at.ma\/wp-content\/uploads\/2024\/07\/natura-living-5-scaled.jpg\" alt=\"Slide Image\"><\/div><div class=\"slide\"><img decoding=\"async\" src=\"https:\/\/3at.ma\/wp-content\/uploads\/2024\/07\/natura-living-24-scaled.jpg\" alt=\"Slide Image\"><\/div><div class=\"slide\"><img decoding=\"async\" src=\"https:\/\/3at.ma\/wp-content\/uploads\/2024\/07\/natura-living-23-scaled.jpg\" alt=\"Slide Image\"><\/div><div class=\"slide\"><img decoding=\"async\" src=\"https:\/\/3at.ma\/wp-content\/uploads\/2024\/07\/natura-living-20-scaled.jpg\" alt=\"Slide Image\"><\/div><div class=\"slide\"><img decoding=\"async\" src=\"https:\/\/3at.ma\/wp-content\/uploads\/2024\/07\/natura-living-19-scaled.jpg\" alt=\"Slide Image\"><\/div><div class=\"slide\"><img decoding=\"async\" src=\"https:\/\/3at.ma\/wp-content\/uploads\/2024\/07\/natura-living-18-scaled.jpg\" alt=\"Slide Image\"><\/div><div class=\"slide\"><img decoding=\"async\" src=\"https:\/\/3at.ma\/wp-content\/uploads\/2024\/07\/natura-living-14-scaled.jpg\" alt=\"Slide Image\"><\/div><div class=\"slide\"><img decoding=\"async\" src=\"https:\/\/3at.ma\/wp-content\/uploads\/2024\/07\/natura-living-13-scaled.jpg\" alt=\"Slide Image\"><\/div><div class=\"slide\"><img decoding=\"async\" src=\"https:\/\/3at.ma\/wp-content\/uploads\/2024\/07\/natura-living-12-scaled.jpg\" alt=\"Slide Image\"><\/div><div class=\"slide\"><img decoding=\"async\" src=\"https:\/\/3at.ma\/wp-content\/uploads\/2024\/07\/natura-living-11-scaled.jpg\" alt=\"Slide Image\"><\/div><div class=\"slide\"><img decoding=\"async\" src=\"https:\/\/3at.ma\/wp-content\/uploads\/2024\/07\/natura-living-10-scaled.jpg\" alt=\"Slide Image\"><\/div><div class=\"slide\"><img decoding=\"async\" src=\"https:\/\/3at.ma\/wp-content\/uploads\/2024\/07\/natura-living-9-scaled.jpg\" alt=\"Slide Image\"><\/div><div class=\"slide\"><img decoding=\"async\" src=\"https:\/\/3at.ma\/wp-content\/uploads\/2024\/07\/natura-living-8-scaled.jpg\" alt=\"Slide Image\"><\/div><div class=\"slide\"><img decoding=\"async\" src=\"https:\/\/3at.ma\/wp-content\/uploads\/2024\/07\/natura-living-7-scaled.jpg\" alt=\"Slide Image\"><\/div><div class=\"slide\"><img decoding=\"async\" src=\"https:\/\/3at.ma\/wp-content\/uploads\/2024\/07\/natura-living-5-scaled.jpg\" alt=\"Slide Image\"><\/div><div class=\"slide\"><img decoding=\"async\" src=\"https:\/\/3at.ma\/wp-content\/uploads\/2024\/07\/natura-living-24-scaled.jpg\" alt=\"Slide Image\"><\/div><div class=\"slide\"><img decoding=\"async\" src=\"https:\/\/3at.ma\/wp-content\/uploads\/2024\/07\/natura-living-23-scaled.jpg\" alt=\"Slide Image\"><\/div>        <\/div>\n    <\/div>\n\n    <style>\n        .slider-container {\n            width: 100%;\n            height: 700px; \/* Set the height of the container *\/\n            overflow: hidden;\n            position: relative;\n            display: flex;\n            justify-content: center; \/* Center the slider horizontally *\/\n        }\n\n        .slide {\n            flex: 0 0 70vw; \/* Set the width of each slide to 80vw *\/\n            height: 700px; \/* Set the height of each slide to 700px *\/\n            box-sizing: border-box;\n            display: flex;\n            justify-content: center;\n            align-items: center;\n        }\n\n        .slider img {\n            width: 100%; \/* Make the image cover the entire width *\/\n            height: 100%; \/* Make the image cover the entire height *\/\n            object-fit: cover; \/* Cover the container without distortion *\/\n\n\t\t\tborder-left: 4px solid white; \/* Add a 4px white border to the left side *\/\n\t\t\tborder-right: 4px solid white; \/* Add a 4px white border to the right side *\/\n\n\t\t\t\n\t\t\topacity: 0.2; \/* Set the opacity of all images to 10% by default *\/\n            transition: opacity 0.5s ease-in-out; \/* Add a transition effect for opacity *\/\n        }\n\n        .slider img.active {\n            opacity: 1; \/* Set the opacity of the active image to 100% *\/\n        }\n\n        .slider {\n            display: flex;\n            height: 700px; \/* Set the height of the slider *\/\n            width: calc(100% + (70vw * 2)); \/* Extend the width to accommodate 3 images *\/\n            transition: transform 0.5s ease-in-out;\n            transform: translateX(calc(-70vw + (100% - 70vw) \/ 2)); \/* Initial position to center the images *\/\n        }\n    <\/style>\n\n    <script>\n        let currentIndex = 2;\n        let isTransitioning = false;\n\n        function handleClick(event) {\n            if (isTransitioning) return;\n            const containerWidth = event.currentTarget.offsetWidth;\n            const clickPosition = event.clientX - event.currentTarget.getBoundingClientRect().left;\n\n            if (clickPosition < containerWidth \/ 2) {\n                showPrevious();\n            } else {\n                showNext();\n            }\n        }\n\n        function showNext() {\n            if (isTransitioning) return;\n            const slider = document.querySelector('.slider');\n            const totalSlides = slider.children.length;\n\n            currentIndex++;\n            slider.style.transition = 'transform 0.5s ease-in-out';\n            slider.style.transform = `translateX(calc(-${currentIndex * 70}vw + (100% - 70vw) \/ 2))`; \/\/ Center the active slide\n            updateOpacity();\n\n            \/\/ Looping logic\n            if (currentIndex >= totalSlides - 2) {\n                isTransitioning = true;\n                setTimeout(() => {\n                    currentIndex = 2;\n                    slider.style.transition = 'none';\n                    slider.style.transform = `translateX(calc(-${currentIndex * 70}vw + (100% - 70vw) \/ 2))`; \/\/ Center the active slide\n                    updateOpacity();\n                    setTimeout(() => {\n                        slider.style.transition = 'transform 0.5s ease-in-out';\n                        isTransitioning = false;\n                    }, 50);\n                }, 500);\n            }\n        }\n\n        function showPrevious() {\n            if (isTransitioning) return;\n            const slider = document.querySelector('.slider');\n            const totalSlides = slider.children.length;\n\n            currentIndex--;\n            slider.style.transition = 'transform 0.5s ease-in-out';\n            slider.style.transform = `translateX(calc(-${currentIndex * 70}vw + (100% - 70vw) \/ 2))`; \/\/ Center the active slide\n            updateOpacity();\n\n            \/\/ Looping logic\n            if (currentIndex < 2) {\n                isTransitioning = true;\n                setTimeout(() => {\n                    currentIndex = totalSlides - 3;\n                    slider.style.transition = 'none';\n                    slider.style.transform = `translateX(calc(-${currentIndex * 70}vw + (100% - 70vw) \/ 2))`; \/\/ Center the active slide\n                    updateOpacity();\n                    setTimeout(() => {\n                        slider.style.transition = 'transform 0.5s ease-in-out';\n                        isTransitioning = false;\n                    }, 50);\n                }, 500);\n            }\n        }\n\n        function handleMouseMove(event) {\n            const containerWidth = event.currentTarget.offsetWidth;\n            const hoverPosition = event.clientX - event.currentTarget.getBoundingClientRect().left;\n\n            if (hoverPosition < containerWidth \/ 2) {\n                event.currentTarget.style.cursor = 'url(https:\/\/3at.ma\/wp-content\/uploads\/2024\/06\/Vector-3.png), auto'; \/\/ Change cursor to the left image\n            } else {\n                event.currentTarget.style.cursor = 'url(https:\/\/3at.ma\/wp-content\/uploads\/2024\/06\/Vector-2.png), auto'; \/\/ Change cursor to the right image\n            }\n        }\n\n        function updateOpacity() {\n            const slides = document.querySelectorAll('.slide');\n            slides.forEach((slide, index) => {\n                const img = slide.querySelector('img');\n                if (index === currentIndex) {\n                    img.classList.add('active');\n                } else {\n                    img.classList.remove('active');\n                }\n            });\n        }\n\n        document.addEventListener('DOMContentLoaded', () => {\n            \/\/ Manually set initial position and update opacity\n            const slider = document.querySelector('.slider');\n            slider.style.transform = `translateX(calc(-${currentIndex * 70}vw + (100% - 70vw) \/ 2))`; \/\/ Initial position to center the images\n            updateOpacity(); \/\/ Set the opacity of the initial middle image to 100%\n        });\n    <\/script>\n    <\/div>\n\t\t\t\t\t\t<\/div>\n\t\t\t\t<\/div>\n\t\t\t\t<\/div>\n\t\t\t\t<\/div>\n\t\t","protected":false},"excerpt":{"rendered":"<p>Natura Living Un ilot de logement qui a \u00e9t\u00e9 l\u2019occasion d\u2019exp\u00e9rimenter plusieurs exp\u00e9rimentations structurelles et esth\u00e9tiques. Natura Living\u00a0 est un projet qui mise essentiellement sur la qualit\u00e9 de la vie collective. Le projet inclut donc plusieurs espaces de vie comme une salle de sport, des piscines ext\u00e9rieurs et int\u00e9rieurs, un kids club et une serie [&hellip;]<\/p>\n","protected":false},"author":1,"featured_media":0,"parent":0,"menu_order":0,"comment_status":"closed","ping_status":"closed","template":"","meta":{"footnotes":""},"class_list":["post-1467","page","type-page","status-publish","hentry"],"blocksy_meta":[],"_links":{"self":[{"href":"https:\/\/3at.ma\/index.php\/wp-json\/wp\/v2\/pages\/1467","targetHints":{"allow":["GET"]}}],"collection":[{"href":"https:\/\/3at.ma\/index.php\/wp-json\/wp\/v2\/pages"}],"about":[{"href":"https:\/\/3at.ma\/index.php\/wp-json\/wp\/v2\/types\/page"}],"author":[{"embeddable":true,"href":"https:\/\/3at.ma\/index.php\/wp-json\/wp\/v2\/users\/1"}],"replies":[{"embeddable":true,"href":"https:\/\/3at.ma\/index.php\/wp-json\/wp\/v2\/comments?post=1467"}],"version-history":[{"count":131,"href":"https:\/\/3at.ma\/index.php\/wp-json\/wp\/v2\/pages\/1467\/revisions"}],"predecessor-version":[{"id":4374,"href":"https:\/\/3at.ma\/index.php\/wp-json\/wp\/v2\/pages\/1467\/revisions\/4374"}],"wp:attachment":[{"href":"https:\/\/3at.ma\/index.php\/wp-json\/wp\/v2\/media?parent=1467"}],"curies":[{"name":"wp","href":"https:\/\/api.w.org\/{rel}","templated":true}]}}