{"id":1557,"date":"2024-06-10T11:17:04","date_gmt":"2024-06-10T11:17:04","guid":{"rendered":"https:\/\/3at.ma\/?page_id=1557"},"modified":"2024-10-20T17:08:38","modified_gmt":"2024-10-20T17:08:38","slug":"logements-asmoune","status":"publish","type":"page","link":"https:\/\/3at.ma\/index.php\/logements-asmoune\/","title":{"rendered":"Logements ASMOUNE"},"content":{"rendered":"\t\t<div data-elementor-type=\"wp-page\" data-elementor-id=\"1557\" class=\"elementor elementor-1557\">\n\t\t\t\t<div class=\"elementor-element elementor-element-7b4a85a e-con-full e-flex e-con e-parent\" data-id=\"7b4a85a\" data-element_type=\"container\" data-settings=\"{&quot;background_background&quot;:&quot;classic&quot;}\">\n\t\t\t\t<\/div>\n\t\t<div class=\"elementor-element elementor-element-5b2e1ce e-flex e-con-boxed e-con e-parent\" data-id=\"5b2e1ce\" data-element_type=\"container\">\n\t\t\t\t\t<div class=\"e-con-inner\">\n\t\t<div class=\"elementor-element elementor-element-d28f708 e-con-full e-flex e-con e-child\" data-id=\"d28f708\" data-element_type=\"container\">\n\t\t\t\t<div class=\"elementor-element elementor-element-98cd370 elementor-widget elementor-widget-heading\" data-id=\"98cd370\" data-element_type=\"widget\" data-widget_type=\"heading.default\">\n\t\t\t\t<div class=\"elementor-widget-container\">\n\t\t\t\t\t<h2 class=\"elementor-heading-title elementor-size-default\">Logements ASMOUNE<\/h2>\t\t\t\t<\/div>\n\t\t\t\t<\/div>\n\t\t\t\t<div class=\"elementor-element elementor-element-f87c4b6 elementor-widget elementor-widget-text-editor\" data-id=\"f87c4b6\" data-element_type=\"widget\" data-widget_type=\"text-editor.default\">\n\t\t\t\t<div class=\"elementor-widget-container\">\n\t\t\t\t\t\t\t\t\t<p>Le projet se distingue par son engagement envers la qualit\u00e9 de vie collective. Il offre une vari\u00e9t\u00e9 d\u2019espaces de vie soigneusement con\u00e7us, comprenant une salle de sport, des piscines int\u00e9rieure et ext\u00e9rieure, un club pour enfants et une s\u00e9rie de jardins. Une caract\u00e9ristique remarquable de ce projet est l\u2019utilisation d\u2019un syst\u00e8me de fondation novateur bas\u00e9 sur les parois berlinoises, garantissant une base solide pour les structures.<\/p>\t\t\t\t\t\t\t\t<\/div>\n\t\t\t\t<\/div>\n\t\t\t\t<\/div>\n\t\t\t\t\t<\/div>\n\t\t\t\t<\/div>\n\t\t<div class=\"elementor-element elementor-element-6840e81 elementor-hidden-mobile e-flex e-con-boxed e-con e-parent\" data-id=\"6840e81\" data-element_type=\"container\">\n\t\t\t\t\t<div class=\"e-con-inner\">\n\t\t<div class=\"elementor-element elementor-element-860b010 e-con-full e-flex e-con e-child\" data-id=\"860b010\" data-element_type=\"container\">\n\t\t<div class=\"elementor-element elementor-element-1d4aa9e e-con-full e-flex e-con e-child\" data-id=\"1d4aa9e\" data-element_type=\"container\">\n\t\t\t\t<div class=\"elementor-element elementor-element-628a95f elementor-widget elementor-widget-text-editor\" data-id=\"628a95f\" data-element_type=\"widget\" data-widget_type=\"text-editor.default\">\n\t\t\t\t<div class=\"elementor-widget-container\">\n\t\t\t\t\t\t\t\t\t<p>Localisation<br \/>Ann\u00e9e<br \/>Programme<br \/>Co\u00fbt des travaux\u00a0<br \/>Maitrise d\u2019ouvrage\u00a0<br \/>\u00c9tat<\/p>\t\t\t\t\t\t\t\t<\/div>\n\t\t\t\t<\/div>\n\t\t\t\t<\/div>\n\t\t<div class=\"elementor-element elementor-element-20d8e2b e-con-full e-flex e-con e-child\" data-id=\"20d8e2b\" data-element_type=\"container\">\n\t\t\t\t<div class=\"elementor-element elementor-element-3d1880f elementor-widget elementor-widget-text-editor\" data-id=\"3d1880f\" data-element_type=\"widget\" data-widget_type=\"text-editor.default\">\n\t\t\t\t<div class=\"elementor-widget-container\">\n\t\t\t\t\t\t\t\t\t<p>Mohamm\u00e9dia &#8211; MAROC<br \/>2019\u00a0 2021<br \/>Groupement de logements<br \/>130.000.000 Dh TTC<br \/>Soci\u00e9t\u00e9 AHFAD<br \/>Chantier en cours<\/p>\t\t\t\t\t\t\t\t<\/div>\n\t\t\t\t<\/div>\n\t\t\t\t<\/div>\n\t\t\t\t<\/div>\n\t\t\t\t\t<\/div>\n\t\t\t\t<\/div>\n\t\t<div class=\"elementor-element elementor-element-dbf720a e-grid elementor-hidden-desktop elementor-hidden-tablet e-con-boxed e-con e-parent\" data-id=\"dbf720a\" data-element_type=\"container\">\n\t\t\t\t\t<div class=\"e-con-inner\">\n\t\t\t\t<div class=\"elementor-element elementor-element-77accab elementor-widget elementor-widget-text-editor\" data-id=\"77accab\" data-element_type=\"widget\" data-widget_type=\"text-editor.default\">\n\t\t\t\t<div class=\"elementor-widget-container\">\n\t\t\t\t\t\t\t\t\t<p>Localisation<br \/>Ann\u00e9e<br \/>Programme<br \/>Co\u00fbt des travaux\u00a0<br \/>Maitrise d\u2019ouvrage\u00a0<br \/>\u00c9tat<\/p>\t\t\t\t\t\t\t\t<\/div>\n\t\t\t\t<\/div>\n\t\t\t\t<div class=\"elementor-element elementor-element-2737a57 elementor-widget elementor-widget-text-editor\" data-id=\"2737a57\" data-element_type=\"widget\" data-widget_type=\"text-editor.default\">\n\t\t\t\t<div class=\"elementor-widget-container\">\n\t\t\t\t\t\t\t\t\t<p>Mohamm\u00e9dia &#8211; MAROC<br \/>2019\u00a0 2021<br \/>Groupement de logements<br \/>130.000.000 Dh TTC<br \/>Soci\u00e9t\u00e9 AHFAD<br \/>Chantier en cours<\/p>\t\t\t\t\t\t\t\t<\/div>\n\t\t\t\t<\/div>\n\t\t\t\t\t<\/div>\n\t\t\t\t<\/div>\n\t\t<div class=\"elementor-element elementor-element-5cf7e08 e-flex e-con-boxed e-con e-parent\" data-id=\"5cf7e08\" data-element_type=\"container\">\n\t\t\t\t\t<div class=\"e-con-inner\">\n\t\t\t\t<div class=\"elementor-element elementor-element-23e92b1 elementor-widget elementor-widget-image\" data-id=\"23e92b1\" data-element_type=\"widget\" data-widget_type=\"image.default\">\n\t\t\t\t<div class=\"elementor-widget-container\">\n\t\t\t\t\t\t\t\t\t\t\t\t\t\t\t<img fetchpriority=\"high\" decoding=\"async\" width=\"1473\" height=\"823\" src=\"https:\/\/3at.ma\/wp-content\/uploads\/2024\/06\/Logements-ASMOUNE-2.png\" class=\"attachment-full size-full wp-image-1563\" alt=\"\" srcset=\"https:\/\/3at.ma\/wp-content\/uploads\/2024\/06\/Logements-ASMOUNE-2.png 1473w, https:\/\/3at.ma\/wp-content\/uploads\/2024\/06\/Logements-ASMOUNE-2-300x168.png 300w, https:\/\/3at.ma\/wp-content\/uploads\/2024\/06\/Logements-ASMOUNE-2-1024x572.png 1024w, https:\/\/3at.ma\/wp-content\/uploads\/2024\/06\/Logements-ASMOUNE-2-768x429.png 768w\" sizes=\"(max-width: 1473px) 100vw, 1473px\" \/>\t\t\t\t\t\t\t\t\t\t\t\t\t\t\t<\/div>\n\t\t\t\t<\/div>\n\t\t\t\t\t<\/div>\n\t\t\t\t<\/div>\n\t\t\t\t<\/div>\n\t\t","protected":false},"excerpt":{"rendered":"<p>Logements ASMOUNE Le projet se distingue par son engagement envers la qualit\u00e9 de vie collective. Il offre une vari\u00e9t\u00e9 d\u2019espaces de vie soigneusement con\u00e7us, comprenant une salle de sport, des piscines int\u00e9rieure et ext\u00e9rieure, un club pour enfants et une s\u00e9rie de jardins. Une caract\u00e9ristique remarquable de ce projet est l\u2019utilisation d\u2019un syst\u00e8me de fondation [&hellip;]<\/p>\n","protected":false},"author":1,"featured_media":0,"parent":0,"menu_order":0,"comment_status":"closed","ping_status":"closed","template":"","meta":{"footnotes":""},"class_list":["post-1557","page","type-page","status-publish","hentry"],"blocksy_meta":[],"_links":{"self":[{"href":"https:\/\/3at.ma\/index.php\/wp-json\/wp\/v2\/pages\/1557","targetHints":{"allow":["GET"]}}],"collection":[{"href":"https:\/\/3at.ma\/index.php\/wp-json\/wp\/v2\/pages"}],"about":[{"href":"https:\/\/3at.ma\/index.php\/wp-json\/wp\/v2\/types\/page"}],"author":[{"embeddable":true,"href":"https:\/\/3at.ma\/index.php\/wp-json\/wp\/v2\/users\/1"}],"replies":[{"embeddable":true,"href":"https:\/\/3at.ma\/index.php\/wp-json\/wp\/v2\/comments?post=1557"}],"version-history":[{"count":34,"href":"https:\/\/3at.ma\/index.php\/wp-json\/wp\/v2\/pages\/1557\/revisions"}],"predecessor-version":[{"id":4407,"href":"https:\/\/3at.ma\/index.php\/wp-json\/wp\/v2\/pages\/1557\/revisions\/4407"}],"wp:attachment":[{"href":"https:\/\/3at.ma\/index.php\/wp-json\/wp\/v2\/media?parent=1557"}],"curies":[{"name":"wp","href":"https:\/\/api.w.org\/{rel}","templated":true}]}}