{"id":1568,"date":"2024-06-10T11:40:25","date_gmt":"2024-06-10T11:40:25","guid":{"rendered":"https:\/\/3at.ma\/?page_id=1568"},"modified":"2024-10-20T17:13:14","modified_gmt":"2024-10-20T17:13:14","slug":"r8","status":"publish","type":"page","link":"https:\/\/3at.ma\/index.php\/r8\/","title":{"rendered":"R8"},"content":{"rendered":"\t\t<div data-elementor-type=\"wp-page\" data-elementor-id=\"1568\" class=\"elementor elementor-1568\">\n\t\t\t\t<div class=\"elementor-element elementor-element-e0e3928 e-con-full e-flex e-con e-parent\" data-id=\"e0e3928\" data-element_type=\"container\" data-settings=\"{&quot;background_background&quot;:&quot;classic&quot;}\">\n\t\t\t\t<\/div>\n\t\t<div class=\"elementor-element elementor-element-ab41d47 e-flex e-con-boxed e-con e-parent\" data-id=\"ab41d47\" data-element_type=\"container\">\n\t\t\t\t\t<div class=\"e-con-inner\">\n\t\t\t\t<div class=\"elementor-element elementor-element-37de965 elementor-widget elementor-widget-heading\" data-id=\"37de965\" data-element_type=\"widget\" data-widget_type=\"heading.default\">\n\t\t\t\t<div class=\"elementor-widget-container\">\n\t\t\t\t\t<h2 class=\"elementor-heading-title elementor-size-default\">R 8<\/h2>\t\t\t\t<\/div>\n\t\t\t\t<\/div>\n\t\t\t\t<div class=\"elementor-element elementor-element-00c0a65 elementor-widget elementor-widget-text-editor\" data-id=\"00c0a65\" data-element_type=\"widget\" data-widget_type=\"text-editor.default\">\n\t\t\t\t<div class=\"elementor-widget-container\">\n\t\t\t\t\t\t\t\t\t<p>Un immeuble de plateau bureau en R+8. A travers un traitement d\u2019angle en encorbellement de volume en verre, cet immeuble de plateau bureau offre des perspective panoramique sur l\u2019enmble de la ville.<\/p>\t\t\t\t\t\t\t\t<\/div>\n\t\t\t\t<\/div>\n\t\t\t\t\t<\/div>\n\t\t\t\t<\/div>\n\t\t<div class=\"elementor-element elementor-element-cec285a elementor-hidden-mobile e-flex e-con-boxed e-con e-parent\" data-id=\"cec285a\" data-element_type=\"container\">\n\t\t\t\t\t<div class=\"e-con-inner\">\n\t\t<div class=\"elementor-element elementor-element-dc4e2c2 e-con-full e-flex e-con e-child\" data-id=\"dc4e2c2\" data-element_type=\"container\">\n\t\t\t\t<div class=\"elementor-element elementor-element-bdc8f1d elementor-widget elementor-widget-text-editor\" data-id=\"bdc8f1d\" data-element_type=\"widget\" data-widget_type=\"text-editor.default\">\n\t\t\t\t<div class=\"elementor-widget-container\">\n\t\t\t\t\t\t\t\t\t<p>Localisation<br \/>Ann\u00e9e<br \/>Programme<br \/>Co\u00fbt des travaux\u00a0<br \/>Maitrise d\u2019ouvrage\u00a0<br \/>\u00c9tat<\/p>\t\t\t\t\t\t\t\t<\/div>\n\t\t\t\t<\/div>\n\t\t\t\t<\/div>\n\t\t<div class=\"elementor-element elementor-element-b1bdf14 e-con-full e-flex e-con e-child\" data-id=\"b1bdf14\" data-element_type=\"container\">\n\t\t\t\t<div class=\"elementor-element elementor-element-0b639c8 elementor-widget elementor-widget-text-editor\" data-id=\"0b639c8\" data-element_type=\"widget\" data-widget_type=\"text-editor.default\">\n\t\t\t\t<div class=\"elementor-widget-container\">\n\t\t\t\t\t\t\t\t\t<p>Mohamm\u00e9dia &#8211; MAROC<br \/>2019 &#8211; 2022<br \/>Plateau bureau<br \/>13.000.000 Dh TTC<br \/>Op\u00e9rateur priv\u00e9<br \/>R\u00e9alis\u00e9<\/p>\t\t\t\t\t\t\t\t<\/div>\n\t\t\t\t<\/div>\n\t\t\t\t<\/div>\n\t\t\t\t\t<\/div>\n\t\t\t\t<\/div>\n\t\t<div class=\"elementor-element elementor-element-4f4b82f e-grid elementor-hidden-desktop elementor-hidden-tablet e-con-boxed e-con e-parent\" data-id=\"4f4b82f\" data-element_type=\"container\">\n\t\t\t\t\t<div class=\"e-con-inner\">\n\t\t\t\t<div class=\"elementor-element elementor-element-16eea4d elementor-widget elementor-widget-text-editor\" data-id=\"16eea4d\" data-element_type=\"widget\" data-widget_type=\"text-editor.default\">\n\t\t\t\t<div class=\"elementor-widget-container\">\n\t\t\t\t\t\t\t\t\t<p>Localisation<br \/>Ann\u00e9e<br \/>Programme<br \/>Co\u00fbt des travaux\u00a0<br \/>Maitrise d\u2019ouvrage\u00a0<br \/>\u00c9tat<\/p>\t\t\t\t\t\t\t\t<\/div>\n\t\t\t\t<\/div>\n\t\t\t\t<div class=\"elementor-element elementor-element-e383b24 elementor-widget elementor-widget-text-editor\" data-id=\"e383b24\" data-element_type=\"widget\" data-widget_type=\"text-editor.default\">\n\t\t\t\t<div class=\"elementor-widget-container\">\n\t\t\t\t\t\t\t\t\t<p>Mohamm\u00e9dia &#8211; MAROC<br \/>2019 &#8211; 2022<br \/>Plateau bureau<br \/>13.000.000 Dh TTC<br \/>Op\u00e9rateur priv\u00e9<br \/>R\u00e9alis\u00e9<\/p>\t\t\t\t\t\t\t\t<\/div>\n\t\t\t\t<\/div>\n\t\t\t\t\t<\/div>\n\t\t\t\t<\/div>\n\t\t<div class=\"elementor-element elementor-element-51e7b3e e-flex e-con-boxed e-con e-parent\" data-id=\"51e7b3e\" data-element_type=\"container\">\n\t\t\t\t\t<div class=\"e-con-inner\">\n\t\t\t\t<div class=\"elementor-element elementor-element-3f2b5ad elementor-widget elementor-widget-image\" data-id=\"3f2b5ad\" data-element_type=\"widget\" data-widget_type=\"image.default\">\n\t\t\t\t<div class=\"elementor-widget-container\">\n\t\t\t\t\t\t\t\t\t\t\t\t\t\t\t<img fetchpriority=\"high\" decoding=\"async\" width=\"2560\" height=\"1707\" src=\"https:\/\/3at.ma\/wp-content\/uploads\/2024\/06\/mohammedia-8-scaled.jpg\" class=\"attachment-full size-full wp-image-2689\" alt=\"\" srcset=\"https:\/\/3at.ma\/wp-content\/uploads\/2024\/06\/mohammedia-8-scaled.jpg 2560w, https:\/\/3at.ma\/wp-content\/uploads\/2024\/06\/mohammedia-8-300x200.jpg 300w, https:\/\/3at.ma\/wp-content\/uploads\/2024\/06\/mohammedia-8-1024x683.jpg 1024w, https:\/\/3at.ma\/wp-content\/uploads\/2024\/06\/mohammedia-8-768x512.jpg 768w, https:\/\/3at.ma\/wp-content\/uploads\/2024\/06\/mohammedia-8-1536x1024.jpg 1536w, https:\/\/3at.ma\/wp-content\/uploads\/2024\/06\/mohammedia-8-2048x1365.jpg 2048w\" sizes=\"(max-width: 2560px) 100vw, 2560px\" \/>\t\t\t\t\t\t\t\t\t\t\t\t\t\t\t<\/div>\n\t\t\t\t<\/div>\n\t\t\t\t\t<\/div>\n\t\t\t\t<\/div>\n\t\t<div class=\"elementor-element elementor-element-61d2b36 e-flex e-con-boxed e-con e-parent\" data-id=\"61d2b36\" data-element_type=\"container\">\n\t\t\t\t\t<div class=\"e-con-inner\">\n\t\t<div class=\"elementor-element elementor-element-50d9c81 e-con-full e-flex e-con e-child\" data-id=\"50d9c81\" data-element_type=\"container\" data-settings=\"{&quot;background_background&quot;:&quot;classic&quot;}\">\n\t\t\t\t<\/div>\n\t\t<div class=\"elementor-element elementor-element-730ea88 e-con-full e-flex e-con e-child\" data-id=\"730ea88\" data-element_type=\"container\" data-settings=\"{&quot;background_background&quot;:&quot;classic&quot;}\">\n\t\t\t\t<\/div>\n\t\t\t\t\t<\/div>\n\t\t\t\t<\/div>\n\t\t<div class=\"elementor-element elementor-element-cc2dde3 e-flex e-con-boxed e-con e-parent\" data-id=\"cc2dde3\" data-element_type=\"container\">\n\t\t\t\t\t<div class=\"e-con-inner\">\n\t\t<div class=\"elementor-element elementor-element-f10fef6 e-con-full e-flex e-con e-child\" data-id=\"f10fef6\" data-element_type=\"container\" data-settings=\"{&quot;background_background&quot;:&quot;classic&quot;}\">\n\t\t\t\t<\/div>\n\t\t<div class=\"elementor-element elementor-element-a4bbf0d e-con-full e-flex e-con e-child\" data-id=\"a4bbf0d\" data-element_type=\"container\" data-settings=\"{&quot;background_background&quot;:&quot;classic&quot;}\">\n\t\t\t\t<\/div>\n\t\t<div class=\"elementor-element elementor-element-b6e1431 e-con-full e-flex e-con e-child\" data-id=\"b6e1431\" data-element_type=\"container\" data-settings=\"{&quot;background_background&quot;:&quot;classic&quot;}\">\n\t\t\t\t<\/div>\n\t\t\t\t\t<\/div>\n\t\t\t\t<\/div>\n\t\t<div class=\"elementor-element elementor-element-19f9e7a e-flex e-con-boxed e-con e-parent\" data-id=\"19f9e7a\" data-element_type=\"container\">\n\t\t\t\t\t<div class=\"e-con-inner\">\n\t\t<div class=\"elementor-element elementor-element-a628eba e-con-full e-flex e-con e-child\" data-id=\"a628eba\" data-element_type=\"container\" data-settings=\"{&quot;background_background&quot;:&quot;classic&quot;}\">\n\t\t\t\t<\/div>\n\t\t<div class=\"elementor-element elementor-element-8189ba7 e-con-full e-flex e-con e-child\" data-id=\"8189ba7\" data-element_type=\"container\" data-settings=\"{&quot;background_background&quot;:&quot;classic&quot;}\">\n\t\t\t\t<\/div>\n\t\t<div class=\"elementor-element elementor-element-fd4a09b e-con-full e-flex e-con e-child\" data-id=\"fd4a09b\" data-element_type=\"container\" data-settings=\"{&quot;background_background&quot;:&quot;classic&quot;}\">\n\t\t\t\t<\/div>\n\t\t\t\t\t<\/div>\n\t\t\t\t<\/div>\n\t\t<div class=\"elementor-element elementor-element-b6d97fe e-con-full e-flex e-con e-parent\" data-id=\"b6d97fe\" data-element_type=\"container\">\n\t\t\t\t<div class=\"elementor-element elementor-element-015c2d3 elementor-widget elementor-widget-shortcode\" data-id=\"015c2d3\" data-element_type=\"widget\" data-widget_type=\"shortcode.default\">\n\t\t\t\t<div class=\"elementor-widget-container\">\n\t\t\t\t\t\t\t<div class=\"elementor-shortcode\">    <div class=\"slider-container\" onmousemove=\"handleMouseMove(event)\" onclick=\"handleClick(event)\">\n        <div class=\"slider\">\n            <div class=\"slide\"><img decoding=\"async\" src=\"https:\/\/3at.ma\/wp-content\/uploads\/2024\/06\/mohammedia-2-2-scaled.jpg\" alt=\"Slide Image\"><\/div><div class=\"slide\"><img decoding=\"async\" src=\"https:\/\/3at.ma\/wp-content\/uploads\/2024\/06\/mohammedia-1-scaled.jpg\" alt=\"Slide Image\"><\/div><div class=\"slide\"><img decoding=\"async\" src=\"https:\/\/3at.ma\/wp-content\/uploads\/2024\/06\/mohammedia-28-scaled.jpg\" alt=\"Slide Image\"><\/div><div class=\"slide\"><img decoding=\"async\" src=\"https:\/\/3at.ma\/wp-content\/uploads\/2024\/06\/mohammedia-27-scaled.jpg\" alt=\"Slide Image\"><\/div><div class=\"slide\"><img decoding=\"async\" src=\"https:\/\/3at.ma\/wp-content\/uploads\/2024\/06\/mohammedia-25-scaled.jpg\" alt=\"Slide Image\"><\/div><div class=\"slide\"><img decoding=\"async\" src=\"https:\/\/3at.ma\/wp-content\/uploads\/2024\/06\/mohammedia-24-scaled.jpg\" alt=\"Slide Image\"><\/div><div class=\"slide\"><img decoding=\"async\" src=\"https:\/\/3at.ma\/wp-content\/uploads\/2024\/06\/mohammedia-22-scaled.jpg\" alt=\"Slide Image\"><\/div><div class=\"slide\"><img decoding=\"async\" src=\"https:\/\/3at.ma\/wp-content\/uploads\/2024\/06\/mohammedia-19-scaled.jpg\" alt=\"Slide Image\"><\/div><div class=\"slide\"><img decoding=\"async\" src=\"https:\/\/3at.ma\/wp-content\/uploads\/2024\/06\/mohammedia-17-scaled.jpg\" alt=\"Slide Image\"><\/div><div class=\"slide\"><img decoding=\"async\" src=\"https:\/\/3at.ma\/wp-content\/uploads\/2024\/06\/mohammedia-16-scaled.jpg\" alt=\"Slide Image\"><\/div><div class=\"slide\"><img decoding=\"async\" src=\"https:\/\/3at.ma\/wp-content\/uploads\/2024\/06\/mohammedia-15-scaled.jpg\" alt=\"Slide Image\"><\/div><div class=\"slide\"><img decoding=\"async\" src=\"https:\/\/3at.ma\/wp-content\/uploads\/2024\/06\/mohammedia-14-2-scaled.jpg\" alt=\"Slide Image\"><\/div><div class=\"slide\"><img decoding=\"async\" src=\"https:\/\/3at.ma\/wp-content\/uploads\/2024\/06\/mohammedia-12-scaled.jpg\" alt=\"Slide Image\"><\/div><div class=\"slide\"><img decoding=\"async\" src=\"https:\/\/3at.ma\/wp-content\/uploads\/2024\/06\/mohammedia-11-scaled.jpg\" alt=\"Slide Image\"><\/div><div class=\"slide\"><img decoding=\"async\" src=\"https:\/\/3at.ma\/wp-content\/uploads\/2024\/06\/mohammedia-9-scaled.jpg\" alt=\"Slide Image\"><\/div><div class=\"slide\"><img decoding=\"async\" src=\"https:\/\/3at.ma\/wp-content\/uploads\/2024\/06\/mohammedia-8-scaled.jpg\" alt=\"Slide Image\"><\/div><div class=\"slide\"><img decoding=\"async\" src=\"https:\/\/3at.ma\/wp-content\/uploads\/2024\/06\/mohammedia-6-scaled.jpg\" alt=\"Slide Image\"><\/div><div class=\"slide\"><img decoding=\"async\" src=\"https:\/\/3at.ma\/wp-content\/uploads\/2024\/06\/mohammedia-5-scaled.jpg\" alt=\"Slide Image\"><\/div><div class=\"slide\"><img decoding=\"async\" src=\"https:\/\/3at.ma\/wp-content\/uploads\/2024\/06\/mohammedia-3-scaled.jpg\" alt=\"Slide Image\"><\/div><div class=\"slide\"><img decoding=\"async\" src=\"https:\/\/3at.ma\/wp-content\/uploads\/2024\/06\/mohammedia-2-2-scaled.jpg\" alt=\"Slide Image\"><\/div><div class=\"slide\"><img decoding=\"async\" src=\"https:\/\/3at.ma\/wp-content\/uploads\/2024\/06\/mohammedia-1-scaled.jpg\" alt=\"Slide Image\"><\/div><div class=\"slide\"><img decoding=\"async\" src=\"https:\/\/3at.ma\/wp-content\/uploads\/2024\/06\/mohammedia-28-scaled.jpg\" alt=\"Slide Image\"><\/div><div class=\"slide\"><img decoding=\"async\" src=\"https:\/\/3at.ma\/wp-content\/uploads\/2024\/06\/mohammedia-27-scaled.jpg\" alt=\"Slide Image\"><\/div>        <\/div>\n    <\/div>\n\n    <style>\n        .slider-container {\n            width: 100%;\n            height: 700px; \/* Set the height of the container *\/\n            overflow: hidden;\n            position: relative;\n            display: flex;\n            justify-content: center; \/* Center the slider horizontally *\/\n        }\n\n        .slide {\n            flex: 0 0 70vw; \/* Set the width of each slide to 80vw *\/\n            height: 700px; \/* Set the height of each slide to 700px *\/\n            box-sizing: border-box;\n            display: flex;\n            justify-content: center;\n            align-items: center;\n        }\n\n        .slider img {\n            width: 100%; \/* Make the image cover the entire width *\/\n            height: 100%; \/* Make the image cover the entire height *\/\n            object-fit: cover; \/* Cover the container without distortion *\/\n\n\t\t\tborder-left: 4px solid white; \/* Add a 4px white border to the left side *\/\n\t\t\tborder-right: 4px solid white; \/* Add a 4px white border to the right side *\/\n\n\t\t\t\n\t\t\topacity: 0.2; \/* Set the opacity of all images to 10% by default *\/\n            transition: opacity 0.5s ease-in-out; \/* Add a transition effect for opacity *\/\n        }\n\n        .slider img.active {\n            opacity: 1; \/* Set the opacity of the active image to 100% *\/\n        }\n\n        .slider {\n            display: flex;\n            height: 700px; \/* Set the height of the slider *\/\n            width: calc(100% + (70vw * 2)); \/* Extend the width to accommodate 3 images *\/\n            transition: transform 0.5s ease-in-out;\n            transform: translateX(calc(-70vw + (100% - 70vw) \/ 2)); \/* Initial position to center the images *\/\n        }\n    <\/style>\n\n    <script>\n        let currentIndex = 2;\n        let isTransitioning = false;\n\n        function handleClick(event) {\n            if (isTransitioning) return;\n            const containerWidth = event.currentTarget.offsetWidth;\n            const clickPosition = event.clientX - event.currentTarget.getBoundingClientRect().left;\n\n            if (clickPosition < containerWidth \/ 2) {\n                showPrevious();\n            } else {\n                showNext();\n            }\n        }\n\n        function showNext() {\n            if (isTransitioning) return;\n            const slider = document.querySelector('.slider');\n            const totalSlides = slider.children.length;\n\n            currentIndex++;\n            slider.style.transition = 'transform 0.5s ease-in-out';\n            slider.style.transform = `translateX(calc(-${currentIndex * 70}vw + (100% - 70vw) \/ 2))`; \/\/ Center the active slide\n            updateOpacity();\n\n            \/\/ Looping logic\n            if (currentIndex >= totalSlides - 2) {\n                isTransitioning = true;\n                setTimeout(() => {\n                    currentIndex = 2;\n                    slider.style.transition = 'none';\n                    slider.style.transform = `translateX(calc(-${currentIndex * 70}vw + (100% - 70vw) \/ 2))`; \/\/ Center the active slide\n                    updateOpacity();\n                    setTimeout(() => {\n                        slider.style.transition = 'transform 0.5s ease-in-out';\n                        isTransitioning = false;\n                    }, 50);\n                }, 500);\n            }\n        }\n\n        function showPrevious() {\n            if (isTransitioning) return;\n            const slider = document.querySelector('.slider');\n            const totalSlides = slider.children.length;\n\n            currentIndex--;\n            slider.style.transition = 'transform 0.5s ease-in-out';\n            slider.style.transform = `translateX(calc(-${currentIndex * 70}vw + (100% - 70vw) \/ 2))`; \/\/ Center the active slide\n            updateOpacity();\n\n            \/\/ Looping logic\n            if (currentIndex < 2) {\n                isTransitioning = true;\n                setTimeout(() => {\n                    currentIndex = totalSlides - 3;\n                    slider.style.transition = 'none';\n                    slider.style.transform = `translateX(calc(-${currentIndex * 70}vw + (100% - 70vw) \/ 2))`; \/\/ Center the active slide\n                    updateOpacity();\n                    setTimeout(() => {\n                        slider.style.transition = 'transform 0.5s ease-in-out';\n                        isTransitioning = false;\n                    }, 50);\n                }, 500);\n            }\n        }\n\n        function handleMouseMove(event) {\n            const containerWidth = event.currentTarget.offsetWidth;\n            const hoverPosition = event.clientX - event.currentTarget.getBoundingClientRect().left;\n\n            if (hoverPosition < containerWidth \/ 2) {\n                event.currentTarget.style.cursor = 'url(https:\/\/3at.ma\/wp-content\/uploads\/2024\/06\/Vector-3.png), auto'; \/\/ Change cursor to the left image\n            } else {\n                event.currentTarget.style.cursor = 'url(https:\/\/3at.ma\/wp-content\/uploads\/2024\/06\/Vector-2.png), auto'; \/\/ Change cursor to the right image\n            }\n        }\n\n        function updateOpacity() {\n            const slides = document.querySelectorAll('.slide');\n            slides.forEach((slide, index) => {\n                const img = slide.querySelector('img');\n                if (index === currentIndex) {\n                    img.classList.add('active');\n                } else {\n                    img.classList.remove('active');\n                }\n            });\n        }\n\n        document.addEventListener('DOMContentLoaded', () => {\n            \/\/ Manually set initial position and update opacity\n            const slider = document.querySelector('.slider');\n            slider.style.transform = `translateX(calc(-${currentIndex * 70}vw + (100% - 70vw) \/ 2))`; \/\/ Initial position to center the images\n            updateOpacity(); \/\/ Set the opacity of the initial middle image to 100%\n        });\n    <\/script>\n    <\/div>\n\t\t\t\t\t\t<\/div>\n\t\t\t\t<\/div>\n\t\t\t\t<\/div>\n\t\t\t\t<\/div>\n\t\t","protected":false},"excerpt":{"rendered":"<p>R 8 Un immeuble de plateau bureau en R+8. A travers un traitement d\u2019angle en encorbellement de volume en verre, cet immeuble de plateau bureau offre des perspective panoramique sur l\u2019enmble de la ville. LocalisationAnn\u00e9eProgrammeCo\u00fbt des travaux\u00a0Maitrise d\u2019ouvrage\u00a0\u00c9tat Mohamm\u00e9dia &#8211; MAROC2019 &#8211; 2022Plateau bureau13.000.000 Dh TTCOp\u00e9rateur priv\u00e9R\u00e9alis\u00e9 LocalisationAnn\u00e9eProgrammeCo\u00fbt des travaux\u00a0Maitrise d\u2019ouvrage\u00a0\u00c9tat Mohamm\u00e9dia &#8211; MAROC2019 &#8211; [&hellip;]<\/p>\n","protected":false},"author":1,"featured_media":0,"parent":0,"menu_order":0,"comment_status":"closed","ping_status":"closed","template":"","meta":{"footnotes":""},"class_list":["post-1568","page","type-page","status-publish","hentry"],"blocksy_meta":[],"_links":{"self":[{"href":"https:\/\/3at.ma\/index.php\/wp-json\/wp\/v2\/pages\/1568","targetHints":{"allow":["GET"]}}],"collection":[{"href":"https:\/\/3at.ma\/index.php\/wp-json\/wp\/v2\/pages"}],"about":[{"href":"https:\/\/3at.ma\/index.php\/wp-json\/wp\/v2\/types\/page"}],"author":[{"embeddable":true,"href":"https:\/\/3at.ma\/index.php\/wp-json\/wp\/v2\/users\/1"}],"replies":[{"embeddable":true,"href":"https:\/\/3at.ma\/index.php\/wp-json\/wp\/v2\/comments?post=1568"}],"version-history":[{"count":46,"href":"https:\/\/3at.ma\/index.php\/wp-json\/wp\/v2\/pages\/1568\/revisions"}],"predecessor-version":[{"id":4419,"href":"https:\/\/3at.ma\/index.php\/wp-json\/wp\/v2\/pages\/1568\/revisions\/4419"}],"wp:attachment":[{"href":"https:\/\/3at.ma\/index.php\/wp-json\/wp\/v2\/media?parent=1568"}],"curies":[{"name":"wp","href":"https:\/\/api.w.org\/{rel}","templated":true}]}}