{"id":1837,"date":"2024-06-10T16:25:05","date_gmt":"2024-06-10T16:25:05","guid":{"rendered":"https:\/\/3at.ma\/?page_id=1837"},"modified":"2024-10-22T11:55:35","modified_gmt":"2024-10-22T11:55:35","slug":"complexe-culturel","status":"publish","type":"page","link":"https:\/\/3at.ma\/index.php\/complexe-culturel\/","title":{"rendered":"Complexe Culturel"},"content":{"rendered":"\t\t<div data-elementor-type=\"wp-page\" data-elementor-id=\"1837\" class=\"elementor elementor-1837\">\n\t\t\t\t<div class=\"elementor-element elementor-element-9dae6bc e-con-full e-flex e-con e-parent\" data-id=\"9dae6bc\" data-element_type=\"container\" data-settings=\"{&quot;background_background&quot;:&quot;classic&quot;}\">\n\t\t\t\t<\/div>\n\t\t<div class=\"elementor-element elementor-element-49ce70c e-flex e-con-boxed e-con e-parent\" data-id=\"49ce70c\" data-element_type=\"container\">\n\t\t\t\t\t<div class=\"e-con-inner\">\n\t\t\t\t<div class=\"elementor-element elementor-element-8fb6a81 elementor-widget elementor-widget-heading\" data-id=\"8fb6a81\" data-element_type=\"widget\" data-widget_type=\"heading.default\">\n\t\t\t\t<div class=\"elementor-widget-container\">\n\t\t\t\t\t<h2 class=\"elementor-heading-title elementor-size-default\">Complexe Culturel <\/h2>\t\t\t\t<\/div>\n\t\t\t\t<\/div>\n\t\t\t\t<div class=\"elementor-element elementor-element-66a3292 elementor-widget elementor-widget-text-editor\" data-id=\"66a3292\" data-element_type=\"widget\" data-widget_type=\"text-editor.default\">\n\t\t\t\t<div class=\"elementor-widget-container\">\n\t\t\t\t\t\t\t\t\t<p>Par son traitement architectural et sa compacit\u00e9 , la lecture architecturale du projet se veut un atout pour \u00e9riger un rep\u00e8re \u00e0 la fois urbain et architectural. A travers son architecture, le projet se veut un identifiant visuel et un havre de vie qui marque le paysage urbain . Le projet affiche une architecture \u00e0 la lecture moderne et minimaliste qui lui procure une identit\u00e9 architecturale en tant qu\u2019\u00e9quipement durable et struturant pour la ville. C\u2019est une composition de volumes imbriqu\u00e9s qui r\u00e9pondent aux fonctions du programme du projet, un ensemble coh\u00e9rent o\u00f9 les volumes se lisent en tant que rep\u00e8re urbain et \u00e9pousent la topographie du site !<\/p>\t\t\t\t\t\t\t\t<\/div>\n\t\t\t\t<\/div>\n\t\t\t\t\t<\/div>\n\t\t\t\t<\/div>\n\t\t<div class=\"elementor-element elementor-element-63fc44f elementor-hidden-mobile e-flex e-con-boxed e-con e-parent\" data-id=\"63fc44f\" data-element_type=\"container\">\n\t\t\t\t\t<div class=\"e-con-inner\">\n\t\t<div class=\"elementor-element elementor-element-36f0646 e-con-full e-flex e-con e-child\" data-id=\"36f0646\" data-element_type=\"container\">\n\t\t\t\t<div class=\"elementor-element elementor-element-b3f2648 elementor-widget elementor-widget-text-editor\" data-id=\"b3f2648\" data-element_type=\"widget\" data-widget_type=\"text-editor.default\">\n\t\t\t\t<div class=\"elementor-widget-container\">\n\t\t\t\t\t\t\t\t\t<p>Localisation<br \/>Ann\u00e9e<br \/>Programme<br \/>Co\u00fbt des travaux\u00a0<br \/>Maitrise d\u2019ouvrage\u00a0<br \/>\u00c9tat<\/p>\t\t\t\t\t\t\t\t<\/div>\n\t\t\t\t<\/div>\n\t\t\t\t<\/div>\n\t\t<div class=\"elementor-element elementor-element-20b204e e-con-full e-flex e-con e-child\" data-id=\"20b204e\" data-element_type=\"container\">\n\t\t\t\t<div class=\"elementor-element elementor-element-5310842 elementor-widget elementor-widget-text-editor\" data-id=\"5310842\" data-element_type=\"widget\" data-widget_type=\"text-editor.default\">\n\t\t\t\t<div class=\"elementor-widget-container\">\n\t\t\t\t\t\t\t\t\t<p>Berrechid &#8211; Maroc ( Club OCP Safi)<br \/>2021 &#8211; 2024<br \/>Centre culturel d\u2019athl\u00e9tisme<br \/>15.000.000 Dh TTC<br \/>Commune de DEROUA<br \/>Proposition prim\u00e9e<\/p>\t\t\t\t\t\t\t\t<\/div>\n\t\t\t\t<\/div>\n\t\t\t\t<\/div>\n\t\t\t\t\t<\/div>\n\t\t\t\t<\/div>\n\t\t<div class=\"elementor-element elementor-element-8b9407b e-flex e-con-boxed e-con e-parent\" data-id=\"8b9407b\" data-element_type=\"container\">\n\t\t\t\t\t<div class=\"e-con-inner\">\n\t\t\t\t<div class=\"elementor-element elementor-element-35d1adb elementor-widget elementor-widget-image\" data-id=\"35d1adb\" data-element_type=\"widget\" data-widget_type=\"image.default\">\n\t\t\t\t<div class=\"elementor-widget-container\">\n\t\t\t\t\t\t\t\t\t\t\t\t\t\t\t<img fetchpriority=\"high\" decoding=\"async\" width=\"1555\" height=\"810\" src=\"https:\/\/3at.ma\/wp-content\/uploads\/2024\/06\/Complexe-culturel-1.png\" class=\"attachment-full size-full wp-image-1846\" alt=\"\" srcset=\"https:\/\/3at.ma\/wp-content\/uploads\/2024\/06\/Complexe-culturel-1.png 1555w, https:\/\/3at.ma\/wp-content\/uploads\/2024\/06\/Complexe-culturel-1-300x156.png 300w, https:\/\/3at.ma\/wp-content\/uploads\/2024\/06\/Complexe-culturel-1-1024x533.png 1024w, https:\/\/3at.ma\/wp-content\/uploads\/2024\/06\/Complexe-culturel-1-768x400.png 768w, https:\/\/3at.ma\/wp-content\/uploads\/2024\/06\/Complexe-culturel-1-1536x800.png 1536w\" sizes=\"(max-width: 1555px) 100vw, 1555px\" \/>\t\t\t\t\t\t\t\t\t\t\t\t\t\t\t<\/div>\n\t\t\t\t<\/div>\n\t\t\t\t\t<\/div>\n\t\t\t\t<\/div>\n\t\t\t\t<\/div>\n\t\t","protected":false},"excerpt":{"rendered":"<p>Complexe Culturel Par son traitement architectural et sa compacit\u00e9 , la lecture architecturale du projet se veut un atout pour \u00e9riger un rep\u00e8re \u00e0 la fois urbain et architectural. A travers son architecture, le projet se veut un identifiant visuel et un havre de vie qui marque le paysage urbain . Le projet affiche une [&hellip;]<\/p>\n","protected":false},"author":1,"featured_media":0,"parent":0,"menu_order":0,"comment_status":"closed","ping_status":"closed","template":"","meta":{"footnotes":""},"class_list":["post-1837","page","type-page","status-publish","hentry"],"blocksy_meta":[],"_links":{"self":[{"href":"https:\/\/3at.ma\/index.php\/wp-json\/wp\/v2\/pages\/1837","targetHints":{"allow":["GET"]}}],"collection":[{"href":"https:\/\/3at.ma\/index.php\/wp-json\/wp\/v2\/pages"}],"about":[{"href":"https:\/\/3at.ma\/index.php\/wp-json\/wp\/v2\/types\/page"}],"author":[{"embeddable":true,"href":"https:\/\/3at.ma\/index.php\/wp-json\/wp\/v2\/users\/1"}],"replies":[{"embeddable":true,"href":"https:\/\/3at.ma\/index.php\/wp-json\/wp\/v2\/comments?post=1837"}],"version-history":[{"count":16,"href":"https:\/\/3at.ma\/index.php\/wp-json\/wp\/v2\/pages\/1837\/revisions"}],"predecessor-version":[{"id":4703,"href":"https:\/\/3at.ma\/index.php\/wp-json\/wp\/v2\/pages\/1837\/revisions\/4703"}],"wp:attachment":[{"href":"https:\/\/3at.ma\/index.php\/wp-json\/wp\/v2\/media?parent=1837"}],"curies":[{"name":"wp","href":"https:\/\/api.w.org\/{rel}","templated":true}]}}