{"id":1851,"date":"2024-06-10T16:42:26","date_gmt":"2024-06-10T16:42:26","guid":{"rendered":"https:\/\/3at.ma\/?page_id=1851"},"modified":"2024-10-22T12:27:37","modified_gmt":"2024-10-22T12:27:37","slug":"complexe-sportif-de-deroua-2","status":"publish","type":"page","link":"https:\/\/3at.ma\/index.php\/complexe-sportif-de-deroua-2\/","title":{"rendered":"Complexe Sportif de Deroua"},"content":{"rendered":"\t\t<div data-elementor-type=\"wp-page\" data-elementor-id=\"1851\" class=\"elementor elementor-1851\">\n\t\t\t\t<div class=\"elementor-element elementor-element-cbcd91f e-con-full e-flex e-con e-parent\" data-id=\"cbcd91f\" data-element_type=\"container\" data-settings=\"{&quot;background_background&quot;:&quot;classic&quot;}\">\n\t\t\t\t<\/div>\n\t\t<div class=\"elementor-element elementor-element-b10f0dc e-flex e-con-boxed e-con e-parent\" data-id=\"b10f0dc\" data-element_type=\"container\">\n\t\t\t\t\t<div class=\"e-con-inner\">\n\t\t\t\t<div class=\"elementor-element elementor-element-69118b0 elementor-widget elementor-widget-heading\" data-id=\"69118b0\" data-element_type=\"widget\" data-widget_type=\"heading.default\">\n\t\t\t\t<div class=\"elementor-widget-container\">\n\t\t\t\t\t<h2 class=\"elementor-heading-title elementor-size-default\">Complexe Sportif de Deroua<\/h2>\t\t\t\t<\/div>\n\t\t\t\t<\/div>\n\t\t\t\t<div class=\"elementor-element elementor-element-2c83fd1 elementor-widget elementor-widget-text-editor\" data-id=\"2c83fd1\" data-element_type=\"widget\" data-widget_type=\"text-editor.default\">\n\t\t\t\t<div class=\"elementor-widget-container\">\n\t\t\t\t\t\t\t\t\t<p>Ci pr\u00e9sente, une autre proposition technique pour le complexe sportif des sports d\u2019athletisme de Deroua. Toujours soucieux de procurer de bons projets qui se pretent \u00e0 devenir des rep\u00e8res urbains.<\/p>\t\t\t\t\t\t\t\t<\/div>\n\t\t\t\t<\/div>\n\t\t\t\t\t<\/div>\n\t\t\t\t<\/div>\n\t\t<div class=\"elementor-element elementor-element-bec4f5d elementor-hidden-mobile e-flex e-con-boxed e-con e-parent\" data-id=\"bec4f5d\" data-element_type=\"container\">\n\t\t\t\t\t<div class=\"e-con-inner\">\n\t\t<div class=\"elementor-element elementor-element-68b0635 e-con-full e-flex e-con e-child\" data-id=\"68b0635\" data-element_type=\"container\">\n\t\t\t\t<div class=\"elementor-element elementor-element-b283c66 elementor-widget elementor-widget-text-editor\" data-id=\"b283c66\" data-element_type=\"widget\" data-widget_type=\"text-editor.default\">\n\t\t\t\t<div class=\"elementor-widget-container\">\n\t\t\t\t\t\t\t\t\t<p>Localisation<br \/>Ann\u00e9e<br \/>Programme<br \/>Co\u00fbt des travaux\u00a0<br \/>Maitrise d\u2019ouvrage\u00a0<br \/>\u00c9tat<\/p>\t\t\t\t\t\t\t\t<\/div>\n\t\t\t\t<\/div>\n\t\t\t\t<\/div>\n\t\t<div class=\"elementor-element elementor-element-9b7c0c9 e-con-full e-flex e-con e-child\" data-id=\"9b7c0c9\" data-element_type=\"container\">\n\t\t\t\t<div class=\"elementor-element elementor-element-2c93047 elementor-widget elementor-widget-text-editor\" data-id=\"2c93047\" data-element_type=\"widget\" data-widget_type=\"text-editor.default\">\n\t\t\t\t<div class=\"elementor-widget-container\">\n\t\t\t\t\t\t\t\t\t<p>Casablanca &#8211; Maroc ( Deroua)<br \/>2021 &#8211; 2024<br \/>Centre culturel d\u2019athl\u00e9tisme<br \/>15.000.000 Dh TTC<br \/>Commune de DEROUA<br \/>En cours<\/p>\t\t\t\t\t\t\t\t<\/div>\n\t\t\t\t<\/div>\n\t\t\t\t<\/div>\n\t\t\t\t\t<\/div>\n\t\t\t\t<\/div>\n\t\t<div class=\"elementor-element elementor-element-6cfd173 e-flex e-con-boxed e-con e-parent\" data-id=\"6cfd173\" data-element_type=\"container\">\n\t\t\t\t\t<div class=\"e-con-inner\">\n\t\t\t\t<div class=\"elementor-element elementor-element-5de0fef elementor-widget elementor-widget-image\" data-id=\"5de0fef\" data-element_type=\"widget\" data-widget_type=\"image.default\">\n\t\t\t\t<div class=\"elementor-widget-container\">\n\t\t\t\t\t\t\t\t\t\t\t\t\t\t\t<img fetchpriority=\"high\" decoding=\"async\" width=\"815\" height=\"826\" src=\"https:\/\/3at.ma\/wp-content\/uploads\/2024\/06\/Complexe-Sportif-de-Deroua-2.png\" class=\"attachment-full size-full wp-image-1857\" alt=\"\" srcset=\"https:\/\/3at.ma\/wp-content\/uploads\/2024\/06\/Complexe-Sportif-de-Deroua-2.png 815w, https:\/\/3at.ma\/wp-content\/uploads\/2024\/06\/Complexe-Sportif-de-Deroua-2-296x300.png 296w, https:\/\/3at.ma\/wp-content\/uploads\/2024\/06\/Complexe-Sportif-de-Deroua-2-768x778.png 768w\" sizes=\"(max-width: 815px) 100vw, 815px\" \/>\t\t\t\t\t\t\t\t\t\t\t\t\t\t\t<\/div>\n\t\t\t\t<\/div>\n\t\t\t\t\t<\/div>\n\t\t\t\t<\/div>\n\t\t\t\t<\/div>\n\t\t","protected":false},"excerpt":{"rendered":"<p>Complexe Sportif de Deroua Ci pr\u00e9sente, une autre proposition technique pour le complexe sportif des sports d\u2019athletisme de Deroua. Toujours soucieux de procurer de bons projets qui se pretent \u00e0 devenir des rep\u00e8res urbains. LocalisationAnn\u00e9eProgrammeCo\u00fbt des travaux\u00a0Maitrise d\u2019ouvrage\u00a0\u00c9tat Casablanca &#8211; Maroc ( Deroua)2021 &#8211; 2024Centre culturel d\u2019athl\u00e9tisme15.000.000 Dh TTCCommune de DEROUAEn cours<\/p>\n","protected":false},"author":1,"featured_media":0,"parent":0,"menu_order":0,"comment_status":"closed","ping_status":"closed","template":"","meta":{"footnotes":""},"class_list":["post-1851","page","type-page","status-publish","hentry"],"blocksy_meta":[],"_links":{"self":[{"href":"https:\/\/3at.ma\/index.php\/wp-json\/wp\/v2\/pages\/1851","targetHints":{"allow":["GET"]}}],"collection":[{"href":"https:\/\/3at.ma\/index.php\/wp-json\/wp\/v2\/pages"}],"about":[{"href":"https:\/\/3at.ma\/index.php\/wp-json\/wp\/v2\/types\/page"}],"author":[{"embeddable":true,"href":"https:\/\/3at.ma\/index.php\/wp-json\/wp\/v2\/users\/1"}],"replies":[{"embeddable":true,"href":"https:\/\/3at.ma\/index.php\/wp-json\/wp\/v2\/comments?post=1851"}],"version-history":[{"count":13,"href":"https:\/\/3at.ma\/index.php\/wp-json\/wp\/v2\/pages\/1851\/revisions"}],"predecessor-version":[{"id":4706,"href":"https:\/\/3at.ma\/index.php\/wp-json\/wp\/v2\/pages\/1851\/revisions\/4706"}],"wp:attachment":[{"href":"https:\/\/3at.ma\/index.php\/wp-json\/wp\/v2\/media?parent=1851"}],"curies":[{"name":"wp","href":"https:\/\/api.w.org\/{rel}","templated":true}]}}