{"id":2609,"date":"2024-06-19T15:58:11","date_gmt":"2024-06-19T15:58:11","guid":{"rendered":"https:\/\/3at.ma\/?page_id=2609"},"modified":"2024-10-22T12:34:33","modified_gmt":"2024-10-22T12:34:33","slug":"siege","status":"publish","type":"page","link":"https:\/\/3at.ma\/index.php\/siege\/","title":{"rendered":"Si\u00e8ge"},"content":{"rendered":"\t\t<div data-elementor-type=\"wp-page\" data-elementor-id=\"2609\" class=\"elementor elementor-2609\">\n\t\t\t\t<div class=\"elementor-element elementor-element-a68da13 e-con-full e-flex e-con e-parent\" data-id=\"a68da13\" data-element_type=\"container\" data-settings=\"{&quot;background_background&quot;:&quot;classic&quot;}\">\n\t\t\t\t<\/div>\n\t\t<div class=\"elementor-element elementor-element-c3b92a7 e-flex e-con-boxed e-con e-parent\" data-id=\"c3b92a7\" data-element_type=\"container\">\n\t\t\t\t\t<div class=\"e-con-inner\">\n\t\t\t\t<div class=\"elementor-element elementor-element-30d7c6b elementor-widget elementor-widget-heading\" data-id=\"30d7c6b\" data-element_type=\"widget\" data-widget_type=\"heading.default\">\n\t\t\t\t<div class=\"elementor-widget-container\">\n\t\t\t\t\t<h2 class=\"elementor-heading-title elementor-size-default\">Si\u00e9ge<\/h2>\t\t\t\t<\/div>\n\t\t\t\t<\/div>\n\t\t\t\t<div class=\"elementor-element elementor-element-34bf6d1 elementor-widget elementor-widget-text-editor\" data-id=\"34bf6d1\" data-element_type=\"widget\" data-widget_type=\"text-editor.default\">\n\t\t\t\t<div class=\"elementor-widget-container\">\n\t\t\t\t\t\t\t\t\t<p>Lot multiprogrammatique avec plus de 50 commerces au RDC, 100 logements haut standing et un parking au soussol.<\/p>\t\t\t\t\t\t\t\t<\/div>\n\t\t\t\t<\/div>\n\t\t\t\t\t<\/div>\n\t\t\t\t<\/div>\n\t\t<div class=\"elementor-element elementor-element-4eeed5e elementor-hidden-mobile e-flex e-con-boxed e-con e-parent\" data-id=\"4eeed5e\" data-element_type=\"container\">\n\t\t\t\t\t<div class=\"e-con-inner\">\n\t\t<div class=\"elementor-element elementor-element-85147ff e-con-full e-flex e-con e-child\" data-id=\"85147ff\" data-element_type=\"container\">\n\t\t\t\t<div class=\"elementor-element elementor-element-872e216 elementor-widget elementor-widget-text-editor\" data-id=\"872e216\" data-element_type=\"widget\" data-widget_type=\"text-editor.default\">\n\t\t\t\t<div class=\"elementor-widget-container\">\n\t\t\t\t\t\t\t\t\t<p>Localisation<br \/>Ann\u00e9e<br \/>Programme<br \/>Co\u00fbt des travaux\u00a0<br \/>Maitrise d\u2019ouvrage\u00a0<br \/>\u00c9tat<\/p>\t\t\t\t\t\t\t\t<\/div>\n\t\t\t\t<\/div>\n\t\t\t\t<\/div>\n\t\t<div class=\"elementor-element elementor-element-4b57bb0 e-con-full e-flex e-con e-child\" data-id=\"4b57bb0\" data-element_type=\"container\">\n\t\t\t\t<div class=\"elementor-element elementor-element-ea4a63b elementor-widget elementor-widget-text-editor\" data-id=\"ea4a63b\" data-element_type=\"widget\" data-widget_type=\"text-editor.default\">\n\t\t\t\t<div class=\"elementor-widget-container\">\n\t\t\t\t\t\t\t\t\t<p>Mohamm\u00e9dia &#8211; MAROC<br \/>2017 &#8211; 2021<br \/>Logements &#8211; Commerces<br \/>10.000.000 Dh TTC<br \/>Groupe ALLALI<br \/>R\u00e9alis\u00e9<\/p>\t\t\t\t\t\t\t\t<\/div>\n\t\t\t\t<\/div>\n\t\t\t\t<\/div>\n\t\t\t\t\t<\/div>\n\t\t\t\t<\/div>\n\t\t\t\t<\/div>\n\t\t","protected":false},"excerpt":{"rendered":"<p>Si\u00e9ge Lot multiprogrammatique avec plus de 50 commerces au RDC, 100 logements haut standing et un parking au soussol. LocalisationAnn\u00e9eProgrammeCo\u00fbt des travaux\u00a0Maitrise d\u2019ouvrage\u00a0\u00c9tat Mohamm\u00e9dia &#8211; MAROC2017 &#8211; 2021Logements &#8211; Commerces10.000.000 Dh TTCGroupe ALLALIR\u00e9alis\u00e9<\/p>\n","protected":false},"author":1,"featured_media":0,"parent":0,"menu_order":0,"comment_status":"closed","ping_status":"closed","template":"","meta":{"footnotes":""},"class_list":["post-2609","page","type-page","status-publish","hentry"],"blocksy_meta":[],"_links":{"self":[{"href":"https:\/\/3at.ma\/index.php\/wp-json\/wp\/v2\/pages\/2609","targetHints":{"allow":["GET"]}}],"collection":[{"href":"https:\/\/3at.ma\/index.php\/wp-json\/wp\/v2\/pages"}],"about":[{"href":"https:\/\/3at.ma\/index.php\/wp-json\/wp\/v2\/types\/page"}],"author":[{"embeddable":true,"href":"https:\/\/3at.ma\/index.php\/wp-json\/wp\/v2\/users\/1"}],"replies":[{"embeddable":true,"href":"https:\/\/3at.ma\/index.php\/wp-json\/wp\/v2\/comments?post=2609"}],"version-history":[{"count":7,"href":"https:\/\/3at.ma\/index.php\/wp-json\/wp\/v2\/pages\/2609\/revisions"}],"predecessor-version":[{"id":4709,"href":"https:\/\/3at.ma\/index.php\/wp-json\/wp\/v2\/pages\/2609\/revisions\/4709"}],"wp:attachment":[{"href":"https:\/\/3at.ma\/index.php\/wp-json\/wp\/v2\/media?parent=2609"}],"curies":[{"name":"wp","href":"https:\/\/api.w.org\/{rel}","templated":true}]}}