{"id":3046,"date":"2024-07-28T18:27:54","date_gmt":"2024-07-28T18:27:54","guid":{"rendered":"https:\/\/3at.ma\/?page_id=3046"},"modified":"2024-10-22T14:15:08","modified_gmt":"2024-10-22T14:15:08","slug":"office-building","status":"publish","type":"page","link":"https:\/\/3at.ma\/index.php\/office-building\/","title":{"rendered":"Office building"},"content":{"rendered":"\t\t<div data-elementor-type=\"wp-page\" data-elementor-id=\"3046\" class=\"elementor elementor-3046\">\n\t\t\t\t<div class=\"elementor-element elementor-element-9484d3d e-con-full elementor-hidden-tablet elementor-hidden-mobile e-flex e-con e-parent\" data-id=\"9484d3d\" data-element_type=\"container\" data-settings=\"{&quot;background_background&quot;:&quot;classic&quot;}\">\n\t\t\t\t<\/div>\n\t\t<div class=\"elementor-element elementor-element-e9bb3d0 e-grid e-con-full elementor-hidden-mobile e-con e-parent\" data-id=\"e9bb3d0\" data-element_type=\"container\" data-settings=\"{&quot;background_background&quot;:&quot;classic&quot;}\">\n\t\t\t\t<div class=\"elementor-element elementor-element-562cfbe elementor-widget elementor-widget-heading\" data-id=\"562cfbe\" data-element_type=\"widget\" data-widget_type=\"heading.default\">\n\t\t\t\t<div class=\"elementor-widget-container\">\n\t\t\t\t\t<h2 class=\"elementor-heading-title elementor-size-default\">Office building<\/h2>\t\t\t\t<\/div>\n\t\t\t\t<\/div>\n\t\t\t\t<div class=\"elementor-element elementor-element-423e0bf elementor-widget elementor-widget-heading\" data-id=\"423e0bf\" data-element_type=\"widget\" data-widget_type=\"heading.default\">\n\t\t\t\t<div class=\"elementor-widget-container\">\n\t\t\t\t\t<h2 class=\"elementor-heading-title elementor-size-default\">La collection des travaux pr\u00e9sent\u00e9s ici, est le fruit de plus de 25 ans d\u2019exp\u00e9rience<\/h2>\t\t\t\t<\/div>\n\t\t\t\t<\/div>\n\t\t\t\t<\/div>\n\t\t<div class=\"elementor-element elementor-element-820be4f e-grid e-con-full elementor-hidden-desktop elementor-hidden-tablet e-con e-parent\" data-id=\"820be4f\" data-element_type=\"container\" data-settings=\"{&quot;background_background&quot;:&quot;classic&quot;}\">\n\t\t\t\t<div class=\"elementor-element elementor-element-8c41d54 elementor-widget elementor-widget-heading\" data-id=\"8c41d54\" data-element_type=\"widget\" data-widget_type=\"heading.default\">\n\t\t\t\t<div class=\"elementor-widget-container\">\n\t\t\t\t\t<h2 class=\"elementor-heading-title elementor-size-default\">Office building<\/h2>\t\t\t\t<\/div>\n\t\t\t\t<\/div>\n\t\t\t\t<div class=\"elementor-element elementor-element-d6375bb elementor-widget elementor-widget-heading\" data-id=\"d6375bb\" data-element_type=\"widget\" data-widget_type=\"heading.default\">\n\t\t\t\t<div class=\"elementor-widget-container\">\n\t\t\t\t\t<h2 class=\"elementor-heading-title elementor-size-default\">La collection des travaux pr\u00e9sent\u00e9s ici, est le fruit de plus de 25 ans d\u2019exp\u00e9rience<\/h2>\t\t\t\t<\/div>\n\t\t\t\t<\/div>\n\t\t\t\t<\/div>\n\t\t<div class=\"elementor-element elementor-element-ec51495 e-flex e-con-boxed e-con e-parent\" data-id=\"ec51495\" data-element_type=\"container\">\n\t\t\t\t\t<div class=\"e-con-inner\">\n\t\t<div class=\"elementor-element elementor-element-7871ccc e-con-full e-flex e-con e-child\" data-id=\"7871ccc\" data-element_type=\"container\">\n\t\t\t\t<div class=\"elementor-element elementor-element-4eeaddd elementor-widget elementor-widget-image\" data-id=\"4eeaddd\" data-element_type=\"widget\" data-widget_type=\"image.default\">\n\t\t\t\t<div class=\"elementor-widget-container\">\n\t\t\t\t\t\t\t\t\t\t\t\t\t\t\t\t<a href=\"https:\/\/3at.ma\/index.php\/rosa-parc\/\">\n\t\t\t\t\t\t\t<img fetchpriority=\"high\" decoding=\"async\" width=\"1024\" height=\"576\" src=\"https:\/\/3at.ma\/wp-content\/uploads\/2024\/08\/R8-3AT-1024x576.png\" class=\"attachment-large size-large wp-image-3515\" alt=\"\" srcset=\"https:\/\/3at.ma\/wp-content\/uploads\/2024\/08\/R8-3AT-1024x576.png 1024w, https:\/\/3at.ma\/wp-content\/uploads\/2024\/08\/R8-3AT-300x169.png 300w, https:\/\/3at.ma\/wp-content\/uploads\/2024\/08\/R8-3AT-768x432.png 768w, https:\/\/3at.ma\/wp-content\/uploads\/2024\/08\/R8-3AT-1536x864.png 1536w, https:\/\/3at.ma\/wp-content\/uploads\/2024\/08\/R8-3AT.png 1920w\" sizes=\"(max-width: 1024px) 100vw, 1024px\" \/>\t\t\t\t\t\t\t\t<\/a>\n\t\t\t\t\t\t\t\t\t\t\t\t\t\t\t<\/div>\n\t\t\t\t<\/div>\n\t\t\t\t<div class=\"elementor-element elementor-element-1acc800 elementor-widget elementor-widget-heading\" data-id=\"1acc800\" data-element_type=\"widget\" data-widget_type=\"heading.default\">\n\t\t\t\t<div class=\"elementor-widget-container\">\n\t\t\t\t\t<h2 class=\"elementor-heading-title elementor-size-default\"><a href=\"https:\/\/3at.ma\/index.php\/rosa-parc\/\">R 8<\/a><\/h2>\t\t\t\t<\/div>\n\t\t\t\t<\/div>\n\t\t\t\t<div class=\"elementor-element elementor-element-2962240 elementor-widget elementor-widget-heading\" data-id=\"2962240\" data-element_type=\"widget\" data-widget_type=\"heading.default\">\n\t\t\t\t<div class=\"elementor-widget-container\">\n\t\t\t\t\t<h2 class=\"elementor-heading-title elementor-size-default\"> Mohamm\u00e9dia \u2013 MAROC<\/h2>\t\t\t\t<\/div>\n\t\t\t\t<\/div>\n\t\t\t\t<div class=\"elementor-element elementor-element-481be32 elementor-widget elementor-widget-heading\" data-id=\"481be32\" data-element_type=\"widget\" data-widget_type=\"heading.default\">\n\t\t\t\t<div class=\"elementor-widget-container\">\n\t\t\t\t\t<h2 class=\"elementor-heading-title elementor-size-default\">2017 - 2021<\/h2>\t\t\t\t<\/div>\n\t\t\t\t<\/div>\n\t\t\t\t<\/div>\n\t\t<div class=\"elementor-element elementor-element-9d1ee72 e-con-full e-flex e-con e-child\" data-id=\"9d1ee72\" data-element_type=\"container\">\n\t\t\t\t<div class=\"elementor-element elementor-element-8bfa10a elementor-widget elementor-widget-image\" data-id=\"8bfa10a\" data-element_type=\"widget\" data-widget_type=\"image.default\">\n\t\t\t\t<div class=\"elementor-widget-container\">\n\t\t\t\t\t\t\t\t\t\t\t\t\t\t\t\t<a href=\"https:\/\/3at.ma\/index.php\/rosa-parc\/\">\n\t\t\t\t\t\t\t<img decoding=\"async\" width=\"1024\" height=\"576\" src=\"https:\/\/3at.ma\/wp-content\/uploads\/2024\/08\/central-park-3AT-rt-1024x576.png\" class=\"attachment-large size-large wp-image-3520\" alt=\"\" srcset=\"https:\/\/3at.ma\/wp-content\/uploads\/2024\/08\/central-park-3AT-rt-1024x576.png 1024w, https:\/\/3at.ma\/wp-content\/uploads\/2024\/08\/central-park-3AT-rt-300x169.png 300w, https:\/\/3at.ma\/wp-content\/uploads\/2024\/08\/central-park-3AT-rt-768x432.png 768w, https:\/\/3at.ma\/wp-content\/uploads\/2024\/08\/central-park-3AT-rt-1536x864.png 1536w, https:\/\/3at.ma\/wp-content\/uploads\/2024\/08\/central-park-3AT-rt.png 1920w\" sizes=\"(max-width: 1024px) 100vw, 1024px\" \/>\t\t\t\t\t\t\t\t<\/a>\n\t\t\t\t\t\t\t\t\t\t\t\t\t\t\t<\/div>\n\t\t\t\t<\/div>\n\t\t\t\t<div class=\"elementor-element elementor-element-05de122 elementor-widget elementor-widget-heading\" data-id=\"05de122\" data-element_type=\"widget\" data-widget_type=\"heading.default\">\n\t\t\t\t<div class=\"elementor-widget-container\">\n\t\t\t\t\t<h2 class=\"elementor-heading-title elementor-size-default\"><a href=\"https:\/\/3at.ma\/index.php\/rosa-parc\/\">Central Park<\/a><\/h2>\t\t\t\t<\/div>\n\t\t\t\t<\/div>\n\t\t\t\t<div class=\"elementor-element elementor-element-6a180dc elementor-widget elementor-widget-heading\" data-id=\"6a180dc\" data-element_type=\"widget\" data-widget_type=\"heading.default\">\n\t\t\t\t<div class=\"elementor-widget-container\">\n\t\t\t\t\t<h2 class=\"elementor-heading-title elementor-size-default\"> Mohamm\u00e9dia \u2013 MAROC<\/h2>\t\t\t\t<\/div>\n\t\t\t\t<\/div>\n\t\t\t\t<div class=\"elementor-element elementor-element-1c970ae elementor-widget elementor-widget-heading\" data-id=\"1c970ae\" data-element_type=\"widget\" data-widget_type=\"heading.default\">\n\t\t\t\t<div class=\"elementor-widget-container\">\n\t\t\t\t\t<h2 class=\"elementor-heading-title elementor-size-default\">2017 - 2021<\/h2>\t\t\t\t<\/div>\n\t\t\t\t<\/div>\n\t\t\t\t<\/div>\n\t\t\t\t\t<\/div>\n\t\t\t\t<\/div>\n\t\t<div class=\"elementor-element elementor-element-645ff3a elementor-hidden-desktop elementor-hidden-tablet e-flex e-con-boxed e-con e-parent\" data-id=\"645ff3a\" data-element_type=\"container\" data-settings=\"{&quot;background_background&quot;:&quot;classic&quot;}\">\n\t\t\t\t\t<div class=\"e-con-inner\">\n\t\t<div class=\"elementor-element elementor-element-744a809 e-con-full e-flex e-con e-child\" data-id=\"744a809\" data-element_type=\"container\">\n\t\t\t\t<div class=\"elementor-element elementor-element-3a6f374 elementor-widget elementor-widget-image\" data-id=\"3a6f374\" data-element_type=\"widget\" data-widget_type=\"image.default\">\n\t\t\t\t<div class=\"elementor-widget-container\">\n\t\t\t\t\t\t\t\t\t\t\t\t\t\t\t<img decoding=\"async\" width=\"472\" height=\"325\" src=\"https:\/\/3at.ma\/wp-content\/uploads\/2024\/06\/3AT-W.png\" class=\"attachment-large size-large wp-image-1918\" alt=\"\" srcset=\"https:\/\/3at.ma\/wp-content\/uploads\/2024\/06\/3AT-W.png 472w, https:\/\/3at.ma\/wp-content\/uploads\/2024\/06\/3AT-W-300x207.png 300w\" sizes=\"(max-width: 472px) 100vw, 472px\" \/>\t\t\t\t\t\t\t\t\t\t\t\t\t\t\t<\/div>\n\t\t\t\t<\/div>\n\t\t\t\t<div class=\"elementor-element elementor-element-ff15d5a elementor-widget elementor-widget-heading\" data-id=\"ff15d5a\" data-element_type=\"widget\" data-widget_type=\"heading.default\">\n\t\t\t\t<div class=\"elementor-widget-container\">\n\t\t\t\t\t<h2 class=\"elementor-heading-title elementor-size-default\"><b>A<\/b>gence d\u2019<b>A<\/b>rchitecture<br> et d\u2019<b>A<\/b>m\u00e9nagement <b>T<\/b>ahti<\/h2>\t\t\t\t<\/div>\n\t\t\t\t<\/div>\n\t\t\t\t<\/div>\n\t\t<div class=\"elementor-element elementor-element-8b12173 e-con-full e-flex e-con e-child\" data-id=\"8b12173\" data-element_type=\"container\">\n\t\t\t\t<div class=\"elementor-element elementor-element-1f8a62b elementor-widget elementor-widget-text-editor\" data-id=\"1f8a62b\" data-element_type=\"widget\" data-widget_type=\"text-editor.default\">\n\t\t\t\t<div class=\"elementor-widget-container\">\n\t\t\t\t\t\t\t\t\t<p>L\u2019Agence d\u2019Architecture et d\u2019Am\u00e9nagement TAHTI, est un cabinet d\u2019architecture multidisciplinaire de vaste port\u00e9e local. Son si\u00e8ge se trouve \u00e0 Casablanca, au Maroc. Depuis notre fondation en 2000, nous avons mis notre architecture au service de la cr\u00e9ation d\u2019espaces dynamiques et significatifs. Nous sommes r\u00e9put\u00e9s pour notre architecture exceptionnelle et notre choix de l\u2019innovation, la durabilit\u00e9 et l\u2019excellence. L\u2019exp\u00e9rience et la connaissance accumul\u00e9es toutes ces ann\u00e9es nous ont permis de d\u00e9velopper, aux c\u00f4t\u00e9s d\u2019une \u00e9quipe chevronn\u00e9e, plusieurs projets au Maroc.<\/p>\t\t\t\t\t\t\t\t<\/div>\n\t\t\t\t<\/div>\n\t\t\t\t<div class=\"elementor-element elementor-element-f91291c elementor-mobile-align-center elementor-widget elementor-widget-button\" data-id=\"f91291c\" data-element_type=\"widget\" data-widget_type=\"button.default\">\n\t\t\t\t<div class=\"elementor-widget-container\">\n\t\t\t\t\t\t\t\t\t<div class=\"elementor-button-wrapper\">\n\t\t\t\t\t<a class=\"elementor-button elementor-button-link elementor-size-sm\" href=\"https:\/\/3at.ma\/\">\n\t\t\t\t\t\t<span class=\"elementor-button-content-wrapper\">\n\t\t\t\t\t\t\t\t\t<span class=\"elementor-button-text\">D\u00e9couvrir<\/span>\n\t\t\t\t\t<\/span>\n\t\t\t\t\t<\/a>\n\t\t\t\t<\/div>\n\t\t\t\t\t\t\t\t<\/div>\n\t\t\t\t<\/div>\n\t\t\t\t<\/div>\n\t\t\t\t\t<\/div>\n\t\t\t\t<\/div>\n\t\t<div class=\"elementor-element elementor-element-c902ba3 elementor-hidden-desktop elementor-hidden-mobile e-flex e-con-boxed e-con e-parent\" data-id=\"c902ba3\" data-element_type=\"container\" data-settings=\"{&quot;background_background&quot;:&quot;classic&quot;}\">\n\t\t\t\t\t<div class=\"e-con-inner\">\n\t\t<div class=\"elementor-element elementor-element-8470127 e-con-full e-flex e-con e-child\" data-id=\"8470127\" data-element_type=\"container\">\n\t\t\t\t<div class=\"elementor-element elementor-element-6b2f404 elementor-widget elementor-widget-image\" data-id=\"6b2f404\" data-element_type=\"widget\" data-widget_type=\"image.default\">\n\t\t\t\t<div class=\"elementor-widget-container\">\n\t\t\t\t\t\t\t\t\t\t\t\t\t\t\t<img decoding=\"async\" width=\"472\" height=\"325\" src=\"https:\/\/3at.ma\/wp-content\/uploads\/2024\/06\/3AT-W.png\" class=\"attachment-large size-large wp-image-1918\" alt=\"\" srcset=\"https:\/\/3at.ma\/wp-content\/uploads\/2024\/06\/3AT-W.png 472w, https:\/\/3at.ma\/wp-content\/uploads\/2024\/06\/3AT-W-300x207.png 300w\" sizes=\"(max-width: 472px) 100vw, 472px\" \/>\t\t\t\t\t\t\t\t\t\t\t\t\t\t\t<\/div>\n\t\t\t\t<\/div>\n\t\t\t\t<div class=\"elementor-element elementor-element-3917fda elementor-widget elementor-widget-heading\" data-id=\"3917fda\" data-element_type=\"widget\" data-widget_type=\"heading.default\">\n\t\t\t\t<div class=\"elementor-widget-container\">\n\t\t\t\t\t<h2 class=\"elementor-heading-title elementor-size-default\"><b>A<\/b>gence d\u2019<b>A<\/b>rchitecture<br> et d\u2019<b>A<\/b>m\u00e9nagement <b>T<\/b>ahti<\/h2>\t\t\t\t<\/div>\n\t\t\t\t<\/div>\n\t\t\t\t<\/div>\n\t\t<div class=\"elementor-element elementor-element-ee10017 e-con-full e-flex e-con e-child\" data-id=\"ee10017\" data-element_type=\"container\">\n\t\t\t\t<div class=\"elementor-element elementor-element-33b501c elementor-widget elementor-widget-text-editor\" data-id=\"33b501c\" data-element_type=\"widget\" data-widget_type=\"text-editor.default\">\n\t\t\t\t<div class=\"elementor-widget-container\">\n\t\t\t\t\t\t\t\t\t<p>L\u2019Agence d\u2019Architecture et d\u2019Am\u00e9nagement TAHTI, est un cabinet d\u2019architecture multidisciplinaire de vaste port\u00e9e local. Son si\u00e8ge se trouve \u00e0 Casablanca, au Maroc. Depuis notre fondation en 2000, nous avons mis notre architecture au service de la cr\u00e9ation d\u2019espaces dynamiques et significatifs. Nous sommes r\u00e9put\u00e9s pour notre architecture exceptionnelle et notre choix de l\u2019innovation, la durabilit\u00e9 et l\u2019excellence. L\u2019exp\u00e9rience et la connaissance accumul\u00e9es toutes ces ann\u00e9es nous ont permis de d\u00e9velopper, aux c\u00f4t\u00e9s d\u2019une \u00e9quipe chevronn\u00e9e, plusieurs projets au Maroc.<\/p>\t\t\t\t\t\t\t\t<\/div>\n\t\t\t\t<\/div>\n\t\t\t\t<div class=\"elementor-element elementor-element-8c8556a elementor-tablet-align-center elementor-widget elementor-widget-button\" data-id=\"8c8556a\" data-element_type=\"widget\" data-widget_type=\"button.default\">\n\t\t\t\t<div class=\"elementor-widget-container\">\n\t\t\t\t\t\t\t\t\t<div class=\"elementor-button-wrapper\">\n\t\t\t\t\t<a class=\"elementor-button elementor-button-link elementor-size-sm\" href=\"https:\/\/3at.ma\/\">\n\t\t\t\t\t\t<span class=\"elementor-button-content-wrapper\">\n\t\t\t\t\t\t\t\t\t<span class=\"elementor-button-text\">D\u00e9couvrir<\/span>\n\t\t\t\t\t<\/span>\n\t\t\t\t\t<\/a>\n\t\t\t\t<\/div>\n\t\t\t\t\t\t\t\t<\/div>\n\t\t\t\t<\/div>\n\t\t\t\t<\/div>\n\t\t\t\t\t<\/div>\n\t\t\t\t<\/div>\n\t\t<div class=\"elementor-element elementor-element-0ae087b elementor-hidden-tablet elementor-hidden-mobile e-flex e-con-boxed e-con e-parent\" data-id=\"0ae087b\" data-element_type=\"container\" data-settings=\"{&quot;background_background&quot;:&quot;classic&quot;}\">\n\t\t\t\t\t<div class=\"e-con-inner\">\n\t\t<div class=\"elementor-element elementor-element-cd59005 e-con-full e-flex e-con e-child\" data-id=\"cd59005\" data-element_type=\"container\">\n\t\t\t\t<div class=\"elementor-element elementor-element-aeb36ad elementor-widget elementor-widget-image\" data-id=\"aeb36ad\" data-element_type=\"widget\" data-widget_type=\"image.default\">\n\t\t\t\t<div class=\"elementor-widget-container\">\n\t\t\t\t\t\t\t\t\t\t\t\t\t\t\t<img decoding=\"async\" width=\"472\" height=\"325\" src=\"https:\/\/3at.ma\/wp-content\/uploads\/2024\/06\/3AT-W.png\" class=\"attachment-large size-large wp-image-1918\" alt=\"\" srcset=\"https:\/\/3at.ma\/wp-content\/uploads\/2024\/06\/3AT-W.png 472w, https:\/\/3at.ma\/wp-content\/uploads\/2024\/06\/3AT-W-300x207.png 300w\" sizes=\"(max-width: 472px) 100vw, 472px\" \/>\t\t\t\t\t\t\t\t\t\t\t\t\t\t\t<\/div>\n\t\t\t\t<\/div>\n\t\t\t\t<div class=\"elementor-element elementor-element-43d91c4 elementor-widget elementor-widget-heading\" data-id=\"43d91c4\" data-element_type=\"widget\" data-widget_type=\"heading.default\">\n\t\t\t\t<div class=\"elementor-widget-container\">\n\t\t\t\t\t<h2 class=\"elementor-heading-title elementor-size-default\"><b>A<\/b>gence d\u2019<b>A<\/b>rchitecture et d\u2019<b>A<\/b>m\u00e9nagement <b>T<\/b>ahti<\/h2>\t\t\t\t<\/div>\n\t\t\t\t<\/div>\n\t\t\t\t<\/div>\n\t\t<div class=\"elementor-element elementor-element-26b3e79 e-con-full e-flex e-con e-child\" data-id=\"26b3e79\" data-element_type=\"container\">\n\t\t\t\t<div class=\"elementor-element elementor-element-94ec8fe elementor-widget elementor-widget-text-editor\" data-id=\"94ec8fe\" data-element_type=\"widget\" data-widget_type=\"text-editor.default\">\n\t\t\t\t<div class=\"elementor-widget-container\">\n\t\t\t\t\t\t\t\t\t<p>L\u2019Agence d\u2019Architecture et d\u2019Am\u00e9nagement TAHTI, est un cabinet d\u2019architecture multidisciplinaire de vaste port\u00e9e local. Son si\u00e8ge se trouve \u00e0 Casablanca, au Maroc. Depuis notre fondation en 2000, nous avons mis notre architecture au service de la cr\u00e9ation d\u2019espaces dynamiques et significatifs. Nous sommes r\u00e9put\u00e9s pour notre architecture exceptionnelle et notre choix de l\u2019innovation, la durabilit\u00e9 et l\u2019excellence. L\u2019exp\u00e9rience et la connaissance accumul\u00e9es toutes ces ann\u00e9es nous ont permis de d\u00e9velopper, aux c\u00f4t\u00e9s d\u2019une \u00e9quipe chevronn\u00e9e, plusieurs projets au Maroc.<\/p>\t\t\t\t\t\t\t\t<\/div>\n\t\t\t\t<\/div>\n\t\t\t\t<div class=\"elementor-element elementor-element-a4e99e2 elementor-mobile-align-center elementor-widget elementor-widget-button\" data-id=\"a4e99e2\" data-element_type=\"widget\" data-widget_type=\"button.default\">\n\t\t\t\t<div class=\"elementor-widget-container\">\n\t\t\t\t\t\t\t\t\t<div class=\"elementor-button-wrapper\">\n\t\t\t\t\t<a class=\"elementor-button elementor-button-link elementor-size-sm\" href=\"https:\/\/3at.ma\/\">\n\t\t\t\t\t\t<span class=\"elementor-button-content-wrapper\">\n\t\t\t\t\t\t\t\t\t<span class=\"elementor-button-text\">D\u00e9couvrir<\/span>\n\t\t\t\t\t<\/span>\n\t\t\t\t\t<\/a>\n\t\t\t\t<\/div>\n\t\t\t\t\t\t\t\t<\/div>\n\t\t\t\t<\/div>\n\t\t\t\t<\/div>\n\t\t\t\t\t<\/div>\n\t\t\t\t<\/div>\n\t\t\t\t<\/div>\n\t\t","protected":false},"excerpt":{"rendered":"<p>Office building La collection des travaux pr\u00e9sent\u00e9s ici, est le fruit de plus de 25 ans d\u2019exp\u00e9rience Office building La collection des travaux pr\u00e9sent\u00e9s ici, est le fruit de plus de 25 ans d\u2019exp\u00e9rience R 8 Mohamm\u00e9dia \u2013 MAROC 2017 &#8211; 2021 Central Park Mohamm\u00e9dia \u2013 MAROC 2017 &#8211; 2021 Agence d\u2019Architecture et d\u2019Am\u00e9nagement Tahti [&hellip;]<\/p>\n","protected":false},"author":1,"featured_media":0,"parent":0,"menu_order":0,"comment_status":"closed","ping_status":"closed","template":"","meta":{"footnotes":""},"class_list":["post-3046","page","type-page","status-publish","hentry"],"blocksy_meta":[],"_links":{"self":[{"href":"https:\/\/3at.ma\/index.php\/wp-json\/wp\/v2\/pages\/3046","targetHints":{"allow":["GET"]}}],"collection":[{"href":"https:\/\/3at.ma\/index.php\/wp-json\/wp\/v2\/pages"}],"about":[{"href":"https:\/\/3at.ma\/index.php\/wp-json\/wp\/v2\/types\/page"}],"author":[{"embeddable":true,"href":"https:\/\/3at.ma\/index.php\/wp-json\/wp\/v2\/users\/1"}],"replies":[{"embeddable":true,"href":"https:\/\/3at.ma\/index.php\/wp-json\/wp\/v2\/comments?post=3046"}],"version-history":[{"count":31,"href":"https:\/\/3at.ma\/index.php\/wp-json\/wp\/v2\/pages\/3046\/revisions"}],"predecessor-version":[{"id":4728,"href":"https:\/\/3at.ma\/index.php\/wp-json\/wp\/v2\/pages\/3046\/revisions\/4728"}],"wp:attachment":[{"href":"https:\/\/3at.ma\/index.php\/wp-json\/wp\/v2\/media?parent=3046"}],"curies":[{"name":"wp","href":"https:\/\/api.w.org\/{rel}","templated":true}]}}