{"id":3048,"date":"2024-07-28T18:30:00","date_gmt":"2024-07-28T18:30:00","guid":{"rendered":"https:\/\/3at.ma\/?page_id=3048"},"modified":"2025-09-26T11:47:09","modified_gmt":"2025-09-26T11:47:09","slug":"equipement","status":"publish","type":"page","link":"https:\/\/3at.ma\/index.php\/equipement\/","title":{"rendered":"\u00c9quipement"},"content":{"rendered":"\t\t<div data-elementor-type=\"wp-page\" data-elementor-id=\"3048\" class=\"elementor elementor-3048\">\n\t\t\t\t<div class=\"elementor-element elementor-element-3f2fe95 e-con-full elementor-hidden-tablet elementor-hidden-mobile e-flex e-con e-parent\" data-id=\"3f2fe95\" data-element_type=\"container\" data-settings=\"{&quot;background_background&quot;:&quot;classic&quot;}\">\n\t\t\t\t<\/div>\n\t\t<div class=\"elementor-element elementor-element-cba6670 e-grid e-con-full elementor-hidden-mobile e-con e-parent\" data-id=\"cba6670\" data-element_type=\"container\" data-settings=\"{&quot;background_background&quot;:&quot;classic&quot;}\">\n\t\t\t\t<div class=\"elementor-element elementor-element-7925507 elementor-widget elementor-widget-heading\" data-id=\"7925507\" data-element_type=\"widget\" data-widget_type=\"heading.default\">\n\t\t\t\t<div class=\"elementor-widget-container\">\n\t\t\t\t\t<h2 class=\"elementor-heading-title elementor-size-default\">\u00e9quipement<\/h2>\t\t\t\t<\/div>\n\t\t\t\t<\/div>\n\t\t\t\t<div class=\"elementor-element elementor-element-0982135 elementor-widget elementor-widget-heading\" data-id=\"0982135\" data-element_type=\"widget\" data-widget_type=\"heading.default\">\n\t\t\t\t<div class=\"elementor-widget-container\">\n\t\t\t\t\t<h2 class=\"elementor-heading-title elementor-size-default\">La collection des travaux pr\u00e9sent\u00e9s ici, est le fruit de plus de 25 ans d\u2019exp\u00e9rience<\/h2>\t\t\t\t<\/div>\n\t\t\t\t<\/div>\n\t\t\t\t<\/div>\n\t\t<div class=\"elementor-element elementor-element-a730d17 elementor-hidden-tablet elementor-hidden-mobile e-flex e-con-boxed e-con e-parent\" data-id=\"a730d17\" data-element_type=\"container\">\n\t\t\t\t\t<div class=\"e-con-inner\">\n\t\t<div class=\"elementor-element elementor-element-10c3e74 e-con-full e-flex e-con e-child\" data-id=\"10c3e74\" data-element_type=\"container\">\n\t\t\t\t<div class=\"elementor-element elementor-element-d75c68e elementor-widget elementor-widget-image\" data-id=\"d75c68e\" data-element_type=\"widget\" data-widget_type=\"image.default\">\n\t\t\t\t<div class=\"elementor-widget-container\">\n\t\t\t\t\t\t\t\t\t\t\t\t\t\t\t\t<a href=\"https:\/\/3at.ma\/index.php\/complexe-culturel\/\">\n\t\t\t\t\t\t\t<img fetchpriority=\"high\" decoding=\"async\" width=\"1024\" height=\"575\" src=\"https:\/\/3at.ma\/wp-content\/uploads\/2024\/06\/Complexe-culturel-2-1024x575.png\" class=\"attachment-large size-large wp-image-1847\" alt=\"\" srcset=\"https:\/\/3at.ma\/wp-content\/uploads\/2024\/06\/Complexe-culturel-2-1024x575.png 1024w, https:\/\/3at.ma\/wp-content\/uploads\/2024\/06\/Complexe-culturel-2-300x168.png 300w, https:\/\/3at.ma\/wp-content\/uploads\/2024\/06\/Complexe-culturel-2-768x431.png 768w, https:\/\/3at.ma\/wp-content\/uploads\/2024\/06\/Complexe-culturel-2.png 1523w\" sizes=\"(max-width: 1024px) 100vw, 1024px\" \/>\t\t\t\t\t\t\t\t<\/a>\n\t\t\t\t\t\t\t\t\t\t\t\t\t\t\t<\/div>\n\t\t\t\t<\/div>\n\t\t\t\t<div class=\"elementor-element elementor-element-d7dc463 elementor-widget elementor-widget-heading\" data-id=\"d7dc463\" data-element_type=\"widget\" data-widget_type=\"heading.default\">\n\t\t\t\t<div class=\"elementor-widget-container\">\n\t\t\t\t\t<h2 class=\"elementor-heading-title elementor-size-default\"><a href=\"https:\/\/3at.ma\/index.php\/rosa-parc\/\">Complexe Culturel<\/a><\/h2>\t\t\t\t<\/div>\n\t\t\t\t<\/div>\n\t\t\t\t<div class=\"elementor-element elementor-element-c7afa7e elementor-widget elementor-widget-heading\" data-id=\"c7afa7e\" data-element_type=\"widget\" data-widget_type=\"heading.default\">\n\t\t\t\t<div class=\"elementor-widget-container\">\n\t\t\t\t\t<h2 class=\"elementor-heading-title elementor-size-default\">Berrechid \u2013 Maroc ( Club OCP Safi)<\/h2>\t\t\t\t<\/div>\n\t\t\t\t<\/div>\n\t\t\t\t<div class=\"elementor-element elementor-element-aeba1f3 elementor-widget elementor-widget-heading\" data-id=\"aeba1f3\" data-element_type=\"widget\" data-widget_type=\"heading.default\">\n\t\t\t\t<div class=\"elementor-widget-container\">\n\t\t\t\t\t<h2 class=\"elementor-heading-title elementor-size-default\">2021 \u2013 2024<\/h2>\t\t\t\t<\/div>\n\t\t\t\t<\/div>\n\t\t\t\t<\/div>\n\t\t<div class=\"elementor-element elementor-element-c4cf16b e-con-full e-flex e-con e-child\" data-id=\"c4cf16b\" data-element_type=\"container\">\n\t\t\t\t<div class=\"elementor-element elementor-element-4e80117 elementor-widget elementor-widget-image\" data-id=\"4e80117\" data-element_type=\"widget\" data-widget_type=\"image.default\">\n\t\t\t\t<div class=\"elementor-widget-container\">\n\t\t\t\t\t\t\t\t\t\t\t\t\t\t\t\t<a href=\"https:\/\/3at.ma\/index.php\/complexe-sportif-de-deroua-2\/\">\n\t\t\t\t\t\t\t<img decoding=\"async\" width=\"1024\" height=\"679\" src=\"https:\/\/3at.ma\/wp-content\/uploads\/2024\/06\/Complexe-Sportif-de-Deroua-1-1024x679.png\" class=\"attachment-large size-large wp-image-1856\" alt=\"\" srcset=\"https:\/\/3at.ma\/wp-content\/uploads\/2024\/06\/Complexe-Sportif-de-Deroua-1-1024x679.png 1024w, https:\/\/3at.ma\/wp-content\/uploads\/2024\/06\/Complexe-Sportif-de-Deroua-1-300x199.png 300w, https:\/\/3at.ma\/wp-content\/uploads\/2024\/06\/Complexe-Sportif-de-Deroua-1-768x509.png 768w, https:\/\/3at.ma\/wp-content\/uploads\/2024\/06\/Complexe-Sportif-de-Deroua-1.png 1289w\" sizes=\"(max-width: 1024px) 100vw, 1024px\" \/>\t\t\t\t\t\t\t\t<\/a>\n\t\t\t\t\t\t\t\t\t\t\t\t\t\t\t<\/div>\n\t\t\t\t<\/div>\n\t\t\t\t<div class=\"elementor-element elementor-element-c979468 elementor-widget elementor-widget-heading\" data-id=\"c979468\" data-element_type=\"widget\" data-widget_type=\"heading.default\">\n\t\t\t\t<div class=\"elementor-widget-container\">\n\t\t\t\t\t<h2 class=\"elementor-heading-title elementor-size-default\"><a href=\"https:\/\/3at.ma\/index.php\/rosa-parc\/\">Complexe Sportif<\/a><\/h2>\t\t\t\t<\/div>\n\t\t\t\t<\/div>\n\t\t\t\t<div class=\"elementor-element elementor-element-1ee4ed3 elementor-widget elementor-widget-heading\" data-id=\"1ee4ed3\" data-element_type=\"widget\" data-widget_type=\"heading.default\">\n\t\t\t\t<div class=\"elementor-widget-container\">\n\t\t\t\t\t<h2 class=\"elementor-heading-title elementor-size-default\">Casablanca \u2013 Maroc ( Deroua)<\/h2>\t\t\t\t<\/div>\n\t\t\t\t<\/div>\n\t\t\t\t<div class=\"elementor-element elementor-element-27083fe elementor-widget elementor-widget-heading\" data-id=\"27083fe\" data-element_type=\"widget\" data-widget_type=\"heading.default\">\n\t\t\t\t<div class=\"elementor-widget-container\">\n\t\t\t\t\t<h2 class=\"elementor-heading-title elementor-size-default\">2021 \u2013 2024\n<\/h2>\t\t\t\t<\/div>\n\t\t\t\t<\/div>\n\t\t\t\t<\/div>\n\t\t\t\t\t<\/div>\n\t\t\t\t<\/div>\n\t\t<div class=\"elementor-element elementor-element-550b56f elementor-hidden-tablet elementor-hidden-mobile e-flex e-con-boxed e-con e-parent\" data-id=\"550b56f\" data-element_type=\"container\">\n\t\t\t\t\t<div class=\"e-con-inner\">\n\t\t<div class=\"elementor-element elementor-element-e24c397 e-con-full e-flex e-con e-child\" data-id=\"e24c397\" data-element_type=\"container\">\n\t\t\t\t<div class=\"elementor-element elementor-element-d81108d elementor-widget elementor-widget-image\" data-id=\"d81108d\" data-element_type=\"widget\" data-widget_type=\"image.default\">\n\t\t\t\t<div class=\"elementor-widget-container\">\n\t\t\t\t\t\t\t\t\t\t\t\t\t\t\t\t<a href=\"https:\/\/3at.ma\/index.php\/siege\/\">\n\t\t\t\t\t\t\t<img decoding=\"async\" width=\"1024\" height=\"539\" src=\"https:\/\/3at.ma\/wp-content\/uploads\/2024\/06\/siege-3AT-1024x539.png\" class=\"attachment-large size-large wp-image-2486\" alt=\"\" srcset=\"https:\/\/3at.ma\/wp-content\/uploads\/2024\/06\/siege-3AT-1024x539.png 1024w, https:\/\/3at.ma\/wp-content\/uploads\/2024\/06\/siege-3AT-300x158.png 300w, https:\/\/3at.ma\/wp-content\/uploads\/2024\/06\/siege-3AT-768x404.png 768w, https:\/\/3at.ma\/wp-content\/uploads\/2024\/06\/siege-3AT-1536x808.png 1536w, https:\/\/3at.ma\/wp-content\/uploads\/2024\/06\/siege-3AT.png 1793w\" sizes=\"(max-width: 1024px) 100vw, 1024px\" \/>\t\t\t\t\t\t\t\t<\/a>\n\t\t\t\t\t\t\t\t\t\t\t\t\t\t\t<\/div>\n\t\t\t\t<\/div>\n\t\t\t\t<div class=\"elementor-element elementor-element-26b29a3 elementor-widget elementor-widget-heading\" data-id=\"26b29a3\" data-element_type=\"widget\" data-widget_type=\"heading.default\">\n\t\t\t\t<div class=\"elementor-widget-container\">\n\t\t\t\t\t<h2 class=\"elementor-heading-title elementor-size-default\"><a href=\"https:\/\/3at.ma\/index.php\/rosa-parc\/\">Si\u00e9ge<\/a><\/h2>\t\t\t\t<\/div>\n\t\t\t\t<\/div>\n\t\t\t\t<div class=\"elementor-element elementor-element-4450db7 elementor-widget elementor-widget-heading\" data-id=\"4450db7\" data-element_type=\"widget\" data-widget_type=\"heading.default\">\n\t\t\t\t<div class=\"elementor-widget-container\">\n\t\t\t\t\t<h2 class=\"elementor-heading-title elementor-size-default\"> Mohamm\u00e9dia \u2013 MAROC<\/h2>\t\t\t\t<\/div>\n\t\t\t\t<\/div>\n\t\t\t\t<div class=\"elementor-element elementor-element-6034600 elementor-widget elementor-widget-heading\" data-id=\"6034600\" data-element_type=\"widget\" data-widget_type=\"heading.default\">\n\t\t\t\t<div class=\"elementor-widget-container\">\n\t\t\t\t\t<h2 class=\"elementor-heading-title elementor-size-default\">2017 - 2021<\/h2>\t\t\t\t<\/div>\n\t\t\t\t<\/div>\n\t\t\t\t<\/div>\n\t\t<div class=\"elementor-element elementor-element-baf3953 e-con-full e-flex e-con e-child\" data-id=\"baf3953\" data-element_type=\"container\">\n\t\t\t\t<div class=\"elementor-element elementor-element-2afe9be elementor-widget elementor-widget-image\" data-id=\"2afe9be\" data-element_type=\"widget\" data-widget_type=\"image.default\">\n\t\t\t\t<div class=\"elementor-widget-container\">\n\t\t\t\t\t\t\t\t\t\t\t\t\t\t\t\t<a href=\"https:\/\/3at.ma\/index.php\/piscine\/\">\n\t\t\t\t\t\t\t<img loading=\"lazy\" decoding=\"async\" width=\"1024\" height=\"683\" src=\"https:\/\/3at.ma\/wp-content\/uploads\/2024\/10\/divers-3AT-1024x683.webp\" class=\"attachment-large size-large wp-image-4584\" alt=\"\" srcset=\"https:\/\/3at.ma\/wp-content\/uploads\/2024\/10\/divers-3AT-1024x683.webp 1024w, https:\/\/3at.ma\/wp-content\/uploads\/2024\/10\/divers-3AT-300x200.webp 300w, https:\/\/3at.ma\/wp-content\/uploads\/2024\/10\/divers-3AT-768x512.webp 768w, https:\/\/3at.ma\/wp-content\/uploads\/2024\/10\/divers-3AT-1536x1024.webp 1536w, https:\/\/3at.ma\/wp-content\/uploads\/2024\/10\/divers-3AT-scaled.webp 1920w\" sizes=\"(max-width: 1024px) 100vw, 1024px\" \/>\t\t\t\t\t\t\t\t<\/a>\n\t\t\t\t\t\t\t\t\t\t\t\t\t\t\t<\/div>\n\t\t\t\t<\/div>\n\t\t\t\t<div class=\"elementor-element elementor-element-97e29e0 elementor-widget elementor-widget-heading\" data-id=\"97e29e0\" data-element_type=\"widget\" data-widget_type=\"heading.default\">\n\t\t\t\t<div class=\"elementor-widget-container\">\n\t\t\t\t\t<h2 class=\"elementor-heading-title elementor-size-default\"><a href=\"https:\/\/3at.ma\/index.php\/rosa-parc\/\">PISCINE SEMI-OLYMPIQUE<\/a><\/h2>\t\t\t\t<\/div>\n\t\t\t\t<\/div>\n\t\t\t\t<div class=\"elementor-element elementor-element-d54442d elementor-widget elementor-widget-heading\" data-id=\"d54442d\" data-element_type=\"widget\" data-widget_type=\"heading.default\">\n\t\t\t\t<div class=\"elementor-widget-container\">\n\t\t\t\t\t<h2 class=\"elementor-heading-title elementor-size-default\"> Mohamm\u00e9dia \u2013 MAROC<\/h2>\t\t\t\t<\/div>\n\t\t\t\t<\/div>\n\t\t\t\t<div class=\"elementor-element elementor-element-3e2fdaf elementor-widget elementor-widget-heading\" data-id=\"3e2fdaf\" data-element_type=\"widget\" data-widget_type=\"heading.default\">\n\t\t\t\t<div class=\"elementor-widget-container\">\n\t\t\t\t\t<h2 class=\"elementor-heading-title elementor-size-default\">2017 - 2021<\/h2>\t\t\t\t<\/div>\n\t\t\t\t<\/div>\n\t\t\t\t<\/div>\n\t\t\t\t\t<\/div>\n\t\t\t\t<\/div>\n\t\t\t\t<\/div>\n\t\t","protected":false},"excerpt":{"rendered":"<p>\u00e9quipement La collection des travaux pr\u00e9sent\u00e9s ici, est le fruit de plus de 25 ans d\u2019exp\u00e9rience Complexe Culturel Berrechid \u2013 Maroc ( Club OCP Safi) 2021 \u2013 2024 Complexe Sportif Casablanca \u2013 Maroc ( Deroua) 2021 \u2013 2024 Si\u00e9ge Mohamm\u00e9dia \u2013 MAROC 2017 &#8211; 2021 PISCINE SEMI-OLYMPIQUE Mohamm\u00e9dia \u2013 MAROC 2017 &#8211; 2021<\/p>\n","protected":false},"author":1,"featured_media":0,"parent":0,"menu_order":0,"comment_status":"closed","ping_status":"closed","template":"","meta":{"footnotes":""},"class_list":["post-3048","page","type-page","status-publish","hentry"],"blocksy_meta":[],"_links":{"self":[{"href":"https:\/\/3at.ma\/index.php\/wp-json\/wp\/v2\/pages\/3048","targetHints":{"allow":["GET"]}}],"collection":[{"href":"https:\/\/3at.ma\/index.php\/wp-json\/wp\/v2\/pages"}],"about":[{"href":"https:\/\/3at.ma\/index.php\/wp-json\/wp\/v2\/types\/page"}],"author":[{"embeddable":true,"href":"https:\/\/3at.ma\/index.php\/wp-json\/wp\/v2\/users\/1"}],"replies":[{"embeddable":true,"href":"https:\/\/3at.ma\/index.php\/wp-json\/wp\/v2\/comments?post=3048"}],"version-history":[{"count":18,"href":"https:\/\/3at.ma\/index.php\/wp-json\/wp\/v2\/pages\/3048\/revisions"}],"predecessor-version":[{"id":5333,"href":"https:\/\/3at.ma\/index.php\/wp-json\/wp\/v2\/pages\/3048\/revisions\/5333"}],"wp:attachment":[{"href":"https:\/\/3at.ma\/index.php\/wp-json\/wp\/v2\/media?parent=3048"}],"curies":[{"name":"wp","href":"https:\/\/api.w.org\/{rel}","templated":true}]}}