{"id":3288,"date":"2024-08-06T14:52:58","date_gmt":"2024-08-06T14:52:58","guid":{"rendered":"https:\/\/3at.ma\/?page_id=3288"},"modified":"2024-10-22T11:44:51","modified_gmt":"2024-10-22T11:44:51","slug":"tertiaire","status":"publish","type":"page","link":"https:\/\/3at.ma\/index.php\/tertiaire\/","title":{"rendered":"Tertiaire"},"content":{"rendered":"\t\t<div data-elementor-type=\"wp-page\" data-elementor-id=\"3288\" class=\"elementor elementor-3288\">\n\t\t\t\t<div class=\"elementor-element elementor-element-50ad979 e-con-full elementor-hidden-tablet elementor-hidden-mobile e-flex e-con e-parent\" data-id=\"50ad979\" data-element_type=\"container\" data-settings=\"{&quot;background_background&quot;:&quot;classic&quot;}\">\n\t\t\t\t<\/div>\n\t\t<div class=\"elementor-element elementor-element-7f26961 e-grid e-con-full elementor-hidden-mobile e-con e-parent\" data-id=\"7f26961\" data-element_type=\"container\" data-settings=\"{&quot;background_background&quot;:&quot;classic&quot;}\">\n\t\t\t\t<div class=\"elementor-element elementor-element-be24bb6 elementor-widget elementor-widget-heading\" data-id=\"be24bb6\" data-element_type=\"widget\" data-widget_type=\"heading.default\">\n\t\t\t\t<div class=\"elementor-widget-container\">\n\t\t\t\t\t<h2 class=\"elementor-heading-title elementor-size-default\">Tertiaire<\/h2>\t\t\t\t<\/div>\n\t\t\t\t<\/div>\n\t\t\t\t<div class=\"elementor-element elementor-element-aa4b493 elementor-widget elementor-widget-heading\" data-id=\"aa4b493\" data-element_type=\"widget\" data-widget_type=\"heading.default\">\n\t\t\t\t<div class=\"elementor-widget-container\">\n\t\t\t\t\t<h2 class=\"elementor-heading-title elementor-size-default\">La collection des travaux pr\u00e9sent\u00e9s ici, est le fruit de plus de 25 ans d\u2019exp\u00e9rience<\/h2>\t\t\t\t<\/div>\n\t\t\t\t<\/div>\n\t\t\t\t<\/div>\n\t\t<div class=\"elementor-element elementor-element-8d93925 e-grid e-con-full elementor-hidden-desktop elementor-hidden-tablet e-con e-parent\" data-id=\"8d93925\" data-element_type=\"container\" data-settings=\"{&quot;background_background&quot;:&quot;classic&quot;}\">\n\t\t\t\t<div class=\"elementor-element elementor-element-2c8a296 elementor-widget elementor-widget-heading\" data-id=\"2c8a296\" data-element_type=\"widget\" data-widget_type=\"heading.default\">\n\t\t\t\t<div class=\"elementor-widget-container\">\n\t\t\t\t\t<h2 class=\"elementor-heading-title elementor-size-default\">Tertiaire<\/h2>\t\t\t\t<\/div>\n\t\t\t\t<\/div>\n\t\t\t\t<div class=\"elementor-element elementor-element-fac222b elementor-widget elementor-widget-heading\" data-id=\"fac222b\" data-element_type=\"widget\" data-widget_type=\"heading.default\">\n\t\t\t\t<div class=\"elementor-widget-container\">\n\t\t\t\t\t<h2 class=\"elementor-heading-title elementor-size-default\">La collection des travaux pr\u00e9sent\u00e9s ici, est le fruit de plus de 25 ans d\u2019exp\u00e9rience<\/h2>\t\t\t\t<\/div>\n\t\t\t\t<\/div>\n\t\t\t\t<\/div>\n\t\t<div class=\"elementor-element elementor-element-426a38c e-flex e-con-boxed e-con e-parent\" data-id=\"426a38c\" data-element_type=\"container\">\n\t\t\t\t\t<div class=\"e-con-inner\">\n\t\t<div class=\"elementor-element elementor-element-41aa355 e-con-full e-flex e-con e-child\" data-id=\"41aa355\" data-element_type=\"container\">\n\t\t\t\t<div class=\"elementor-element elementor-element-cc575f0 elementor-widget elementor-widget-image\" data-id=\"cc575f0\" data-element_type=\"widget\" data-widget_type=\"image.default\">\n\t\t\t\t<div class=\"elementor-widget-container\">\n\t\t\t\t\t\t\t\t\t\t\t\t\t\t\t\t<a href=\"https:\/\/3at.ma\/index.php\/rosa-parc\/\">\n\t\t\t\t\t\t\t<img fetchpriority=\"high\" decoding=\"async\" width=\"1024\" height=\"576\" src=\"https:\/\/3at.ma\/wp-content\/uploads\/2024\/08\/suite-3AT-RT-1024x576.png\" class=\"attachment-large size-large wp-image-3528\" alt=\"\" srcset=\"https:\/\/3at.ma\/wp-content\/uploads\/2024\/08\/suite-3AT-RT-1024x576.png 1024w, https:\/\/3at.ma\/wp-content\/uploads\/2024\/08\/suite-3AT-RT-300x169.png 300w, https:\/\/3at.ma\/wp-content\/uploads\/2024\/08\/suite-3AT-RT-768x432.png 768w, https:\/\/3at.ma\/wp-content\/uploads\/2024\/08\/suite-3AT-RT-1536x864.png 1536w, https:\/\/3at.ma\/wp-content\/uploads\/2024\/08\/suite-3AT-RT.png 1920w\" sizes=\"(max-width: 1024px) 100vw, 1024px\" \/>\t\t\t\t\t\t\t\t<\/a>\n\t\t\t\t\t\t\t\t\t\t\t\t\t\t\t<\/div>\n\t\t\t\t<\/div>\n\t\t\t\t<div class=\"elementor-element elementor-element-87190d7 elementor-widget elementor-widget-heading\" data-id=\"87190d7\" data-element_type=\"widget\" data-widget_type=\"heading.default\">\n\t\t\t\t<div class=\"elementor-widget-container\">\n\t\t\t\t\t<h2 class=\"elementor-heading-title elementor-size-default\"><a href=\"https:\/\/3at.ma\/index.php\/rosa-parc\/\">La Siesta<\/a><\/h2>\t\t\t\t<\/div>\n\t\t\t\t<\/div>\n\t\t\t\t<div class=\"elementor-element elementor-element-1af18a1 elementor-widget elementor-widget-heading\" data-id=\"1af18a1\" data-element_type=\"widget\" data-widget_type=\"heading.default\">\n\t\t\t\t<div class=\"elementor-widget-container\">\n\t\t\t\t\t<h2 class=\"elementor-heading-title elementor-size-default\"> Mohamm\u00e9dia \u2013 MAROC<\/h2>\t\t\t\t<\/div>\n\t\t\t\t<\/div>\n\t\t\t\t<div class=\"elementor-element elementor-element-2864e97 elementor-widget elementor-widget-heading\" data-id=\"2864e97\" data-element_type=\"widget\" data-widget_type=\"heading.default\">\n\t\t\t\t<div class=\"elementor-widget-container\">\n\t\t\t\t\t<h2 class=\"elementor-heading-title elementor-size-default\">2017 - 2021<\/h2>\t\t\t\t<\/div>\n\t\t\t\t<\/div>\n\t\t\t\t<\/div>\n\t\t<div class=\"elementor-element elementor-element-3bd696c e-con-full e-flex e-con e-child\" data-id=\"3bd696c\" data-element_type=\"container\">\n\t\t\t\t<div class=\"elementor-element elementor-element-56f1ac3 elementor-widget elementor-widget-image\" data-id=\"56f1ac3\" data-element_type=\"widget\" data-widget_type=\"image.default\">\n\t\t\t\t<div class=\"elementor-widget-container\">\n\t\t\t\t\t\t\t\t\t\t\t\t\t\t\t\t<a href=\"https:\/\/3at.ma\/index.php\/rosa-parc\/\">\n\t\t\t\t\t\t\t<img decoding=\"async\" width=\"1024\" height=\"576\" src=\"https:\/\/3at.ma\/wp-content\/uploads\/2024\/08\/ibis-3AT-RT-1024x576.png\" class=\"attachment-large size-large wp-image-3529\" alt=\"\" srcset=\"https:\/\/3at.ma\/wp-content\/uploads\/2024\/08\/ibis-3AT-RT-1024x576.png 1024w, https:\/\/3at.ma\/wp-content\/uploads\/2024\/08\/ibis-3AT-RT-300x169.png 300w, https:\/\/3at.ma\/wp-content\/uploads\/2024\/08\/ibis-3AT-RT-768x432.png 768w, https:\/\/3at.ma\/wp-content\/uploads\/2024\/08\/ibis-3AT-RT-1536x864.png 1536w, https:\/\/3at.ma\/wp-content\/uploads\/2024\/08\/ibis-3AT-RT.png 1920w\" sizes=\"(max-width: 1024px) 100vw, 1024px\" \/>\t\t\t\t\t\t\t\t<\/a>\n\t\t\t\t\t\t\t\t\t\t\t\t\t\t\t<\/div>\n\t\t\t\t<\/div>\n\t\t\t\t<div class=\"elementor-element elementor-element-eb5fc90 elementor-widget elementor-widget-heading\" data-id=\"eb5fc90\" data-element_type=\"widget\" data-widget_type=\"heading.default\">\n\t\t\t\t<div class=\"elementor-widget-container\">\n\t\t\t\t\t<h2 class=\"elementor-heading-title elementor-size-default\"><a href=\"https:\/\/3at.ma\/index.php\/rosa-parc\/\">Hotel IBIS<\/a><\/h2>\t\t\t\t<\/div>\n\t\t\t\t<\/div>\n\t\t\t\t<div class=\"elementor-element elementor-element-ad6bac2 elementor-widget elementor-widget-heading\" data-id=\"ad6bac2\" data-element_type=\"widget\" data-widget_type=\"heading.default\">\n\t\t\t\t<div class=\"elementor-widget-container\">\n\t\t\t\t\t<h2 class=\"elementor-heading-title elementor-size-default\"> Mohamm\u00e9dia \u2013 MAROC<\/h2>\t\t\t\t<\/div>\n\t\t\t\t<\/div>\n\t\t\t\t<div class=\"elementor-element elementor-element-4890e61 elementor-widget elementor-widget-heading\" data-id=\"4890e61\" data-element_type=\"widget\" data-widget_type=\"heading.default\">\n\t\t\t\t<div class=\"elementor-widget-container\">\n\t\t\t\t\t<h2 class=\"elementor-heading-title elementor-size-default\">2017 - 2021<\/h2>\t\t\t\t<\/div>\n\t\t\t\t<\/div>\n\t\t\t\t<\/div>\n\t\t<div class=\"elementor-element elementor-element-b417ba8 e-con-full e-flex e-con e-child\" data-id=\"b417ba8\" data-element_type=\"container\">\n\t\t\t\t<div class=\"elementor-element elementor-element-c142db1 elementor-widget elementor-widget-image\" data-id=\"c142db1\" data-element_type=\"widget\" data-widget_type=\"image.default\">\n\t\t\t\t<div class=\"elementor-widget-container\">\n\t\t\t\t\t\t\t\t\t\t\t\t\t\t\t\t<a href=\"https:\/\/3at.ma\/index.php\/rosa-parc\/\">\n\t\t\t\t\t\t\t<img decoding=\"async\" width=\"1024\" height=\"576\" src=\"https:\/\/3at.ma\/wp-content\/uploads\/2024\/08\/novotel-3AT-RT-1024x576.png\" class=\"attachment-large size-large wp-image-3530\" alt=\"\" srcset=\"https:\/\/3at.ma\/wp-content\/uploads\/2024\/08\/novotel-3AT-RT-1024x576.png 1024w, https:\/\/3at.ma\/wp-content\/uploads\/2024\/08\/novotel-3AT-RT-300x169.png 300w, https:\/\/3at.ma\/wp-content\/uploads\/2024\/08\/novotel-3AT-RT-768x432.png 768w, https:\/\/3at.ma\/wp-content\/uploads\/2024\/08\/novotel-3AT-RT-1536x864.png 1536w, https:\/\/3at.ma\/wp-content\/uploads\/2024\/08\/novotel-3AT-RT.png 1920w\" sizes=\"(max-width: 1024px) 100vw, 1024px\" \/>\t\t\t\t\t\t\t\t<\/a>\n\t\t\t\t\t\t\t\t\t\t\t\t\t\t\t<\/div>\n\t\t\t\t<\/div>\n\t\t\t\t<div class=\"elementor-element elementor-element-a261b5a elementor-widget elementor-widget-heading\" data-id=\"a261b5a\" data-element_type=\"widget\" data-widget_type=\"heading.default\">\n\t\t\t\t<div class=\"elementor-widget-container\">\n\t\t\t\t\t<h2 class=\"elementor-heading-title elementor-size-default\"><a href=\"https:\/\/3at.ma\/index.php\/rosa-parc\/\">NOVOTEL<\/a><\/h2>\t\t\t\t<\/div>\n\t\t\t\t<\/div>\n\t\t\t\t<div class=\"elementor-element elementor-element-6b07741 elementor-widget elementor-widget-heading\" data-id=\"6b07741\" data-element_type=\"widget\" data-widget_type=\"heading.default\">\n\t\t\t\t<div class=\"elementor-widget-container\">\n\t\t\t\t\t<h2 class=\"elementor-heading-title elementor-size-default\"> Mohamm\u00e9dia \u2013 MAROC<\/h2>\t\t\t\t<\/div>\n\t\t\t\t<\/div>\n\t\t\t\t<div class=\"elementor-element elementor-element-2fb1cbc elementor-widget elementor-widget-heading\" data-id=\"2fb1cbc\" data-element_type=\"widget\" data-widget_type=\"heading.default\">\n\t\t\t\t<div class=\"elementor-widget-container\">\n\t\t\t\t\t<h2 class=\"elementor-heading-title elementor-size-default\">2017 - 2021<\/h2>\t\t\t\t<\/div>\n\t\t\t\t<\/div>\n\t\t\t\t<\/div>\n\t\t\t\t\t<\/div>\n\t\t\t\t<\/div>\n\t\t<div class=\"elementor-element elementor-element-3f7516b elementor-hidden-tablet elementor-hidden-mobile e-flex e-con-boxed e-con e-parent\" data-id=\"3f7516b\" data-element_type=\"container\" data-settings=\"{&quot;background_background&quot;:&quot;classic&quot;}\">\n\t\t\t\t\t<div class=\"e-con-inner\">\n\t\t<div class=\"elementor-element elementor-element-1c45343 e-con-full e-flex e-con e-child\" data-id=\"1c45343\" data-element_type=\"container\">\n\t\t\t\t<div class=\"elementor-element elementor-element-507d29c elementor-widget elementor-widget-image\" data-id=\"507d29c\" data-element_type=\"widget\" data-widget_type=\"image.default\">\n\t\t\t\t<div class=\"elementor-widget-container\">\n\t\t\t\t\t\t\t\t\t\t\t\t\t\t\t<img loading=\"lazy\" decoding=\"async\" width=\"472\" height=\"325\" src=\"https:\/\/3at.ma\/wp-content\/uploads\/2024\/06\/3AT-W.png\" class=\"attachment-large size-large wp-image-1918\" alt=\"\" srcset=\"https:\/\/3at.ma\/wp-content\/uploads\/2024\/06\/3AT-W.png 472w, https:\/\/3at.ma\/wp-content\/uploads\/2024\/06\/3AT-W-300x207.png 300w\" sizes=\"(max-width: 472px) 100vw, 472px\" \/>\t\t\t\t\t\t\t\t\t\t\t\t\t\t\t<\/div>\n\t\t\t\t<\/div>\n\t\t\t\t<div class=\"elementor-element elementor-element-6fe6c38 elementor-widget elementor-widget-heading\" data-id=\"6fe6c38\" data-element_type=\"widget\" data-widget_type=\"heading.default\">\n\t\t\t\t<div class=\"elementor-widget-container\">\n\t\t\t\t\t<h2 class=\"elementor-heading-title elementor-size-default\"><b>A<\/b>gence d\u2019<b>A<\/b>rchitecture et d\u2019<b>A<\/b>m\u00e9nagement <b>T<\/b>ahti<\/h2>\t\t\t\t<\/div>\n\t\t\t\t<\/div>\n\t\t\t\t<\/div>\n\t\t<div class=\"elementor-element elementor-element-7a2120b e-con-full e-flex e-con e-child\" data-id=\"7a2120b\" data-element_type=\"container\">\n\t\t\t\t<div class=\"elementor-element elementor-element-545dac8 elementor-widget elementor-widget-text-editor\" data-id=\"545dac8\" data-element_type=\"widget\" data-widget_type=\"text-editor.default\">\n\t\t\t\t<div class=\"elementor-widget-container\">\n\t\t\t\t\t\t\t\t\t<p>L\u2019Agence d\u2019Architecture et d\u2019Am\u00e9nagement TAHTI, est un cabinet d\u2019architecture multidisciplinaire de vaste port\u00e9e local. Son si\u00e8ge se trouve \u00e0 Casablanca, au Maroc. Depuis notre fondation en 2000, nous avons mis notre architecture au service de la cr\u00e9ation d\u2019espaces dynamiques et significatifs. Nous sommes r\u00e9put\u00e9s pour notre architecture exceptionnelle et notre choix de l\u2019innovation, la durabilit\u00e9 et l\u2019excellence. L\u2019exp\u00e9rience et la connaissance accumul\u00e9es toutes ces ann\u00e9es nous ont permis de d\u00e9velopper, aux c\u00f4t\u00e9s d\u2019une \u00e9quipe chevronn\u00e9e, plusieurs projets au Maroc.<\/p>\t\t\t\t\t\t\t\t<\/div>\n\t\t\t\t<\/div>\n\t\t\t\t<div class=\"elementor-element elementor-element-d9108a5 elementor-widget elementor-widget-button\" data-id=\"d9108a5\" data-element_type=\"widget\" data-widget_type=\"button.default\">\n\t\t\t\t<div class=\"elementor-widget-container\">\n\t\t\t\t\t\t\t\t\t<div class=\"elementor-button-wrapper\">\n\t\t\t\t\t<a class=\"elementor-button elementor-button-link elementor-size-sm\" href=\"https:\/\/3at.ma\/\">\n\t\t\t\t\t\t<span class=\"elementor-button-content-wrapper\">\n\t\t\t\t\t\t\t\t\t<span class=\"elementor-button-text\">D\u00e9couvrir<\/span>\n\t\t\t\t\t<\/span>\n\t\t\t\t\t<\/a>\n\t\t\t\t<\/div>\n\t\t\t\t\t\t\t\t<\/div>\n\t\t\t\t<\/div>\n\t\t\t\t<\/div>\n\t\t\t\t\t<\/div>\n\t\t\t\t<\/div>\n\t\t<div class=\"elementor-element elementor-element-5e54d1b elementor-hidden-desktop elementor-hidden-mobile e-flex e-con-boxed e-con e-parent\" data-id=\"5e54d1b\" data-element_type=\"container\" data-settings=\"{&quot;background_background&quot;:&quot;classic&quot;}\">\n\t\t\t\t\t<div class=\"e-con-inner\">\n\t\t<div class=\"elementor-element elementor-element-a57d499 e-con-full e-flex e-con e-child\" data-id=\"a57d499\" data-element_type=\"container\">\n\t\t\t\t<div class=\"elementor-element elementor-element-4acb216 elementor-widget elementor-widget-image\" data-id=\"4acb216\" data-element_type=\"widget\" data-widget_type=\"image.default\">\n\t\t\t\t<div class=\"elementor-widget-container\">\n\t\t\t\t\t\t\t\t\t\t\t\t\t\t\t<img loading=\"lazy\" decoding=\"async\" width=\"472\" height=\"325\" src=\"https:\/\/3at.ma\/wp-content\/uploads\/2024\/06\/3AT-W.png\" class=\"attachment-large size-large wp-image-1918\" alt=\"\" srcset=\"https:\/\/3at.ma\/wp-content\/uploads\/2024\/06\/3AT-W.png 472w, https:\/\/3at.ma\/wp-content\/uploads\/2024\/06\/3AT-W-300x207.png 300w\" sizes=\"(max-width: 472px) 100vw, 472px\" \/>\t\t\t\t\t\t\t\t\t\t\t\t\t\t\t<\/div>\n\t\t\t\t<\/div>\n\t\t\t\t<div class=\"elementor-element elementor-element-d867886 elementor-widget elementor-widget-heading\" data-id=\"d867886\" data-element_type=\"widget\" data-widget_type=\"heading.default\">\n\t\t\t\t<div class=\"elementor-widget-container\">\n\t\t\t\t\t<h2 class=\"elementor-heading-title elementor-size-default\"><b>A<\/b>gence d\u2019<b>A<\/b>rchitecture<br> et d\u2019<b>A<\/b>m\u00e9nagement <b>T<\/b>ahti<\/h2>\t\t\t\t<\/div>\n\t\t\t\t<\/div>\n\t\t\t\t<\/div>\n\t\t<div class=\"elementor-element elementor-element-735459c e-con-full e-flex e-con e-child\" data-id=\"735459c\" data-element_type=\"container\">\n\t\t\t\t<div class=\"elementor-element elementor-element-7090ebb elementor-widget elementor-widget-text-editor\" data-id=\"7090ebb\" data-element_type=\"widget\" data-widget_type=\"text-editor.default\">\n\t\t\t\t<div class=\"elementor-widget-container\">\n\t\t\t\t\t\t\t\t\t<p>L\u2019Agence d\u2019Architecture et d\u2019Am\u00e9nagement TAHTI, est un cabinet d\u2019architecture multidisciplinaire de vaste port\u00e9e local. Son si\u00e8ge se trouve \u00e0 Casablanca, au Maroc. Depuis notre fondation en 2000, nous avons mis notre architecture au service de la cr\u00e9ation d\u2019espaces dynamiques et significatifs. Nous sommes r\u00e9put\u00e9s pour notre architecture exceptionnelle et notre choix de l\u2019innovation, la durabilit\u00e9 et l\u2019excellence. L\u2019exp\u00e9rience et la connaissance accumul\u00e9es toutes ces ann\u00e9es nous ont permis de d\u00e9velopper, aux c\u00f4t\u00e9s d\u2019une \u00e9quipe chevronn\u00e9e, plusieurs projets au Maroc.<\/p>\t\t\t\t\t\t\t\t<\/div>\n\t\t\t\t<\/div>\n\t\t\t\t<div class=\"elementor-element elementor-element-3c615a7 elementor-tablet-align-center elementor-widget elementor-widget-button\" data-id=\"3c615a7\" data-element_type=\"widget\" data-widget_type=\"button.default\">\n\t\t\t\t<div class=\"elementor-widget-container\">\n\t\t\t\t\t\t\t\t\t<div class=\"elementor-button-wrapper\">\n\t\t\t\t\t<a class=\"elementor-button elementor-button-link elementor-size-sm\" href=\"https:\/\/3at.ma\/\">\n\t\t\t\t\t\t<span class=\"elementor-button-content-wrapper\">\n\t\t\t\t\t\t\t\t\t<span class=\"elementor-button-text\">D\u00e9couvrir<\/span>\n\t\t\t\t\t<\/span>\n\t\t\t\t\t<\/a>\n\t\t\t\t<\/div>\n\t\t\t\t\t\t\t\t<\/div>\n\t\t\t\t<\/div>\n\t\t\t\t<\/div>\n\t\t\t\t\t<\/div>\n\t\t\t\t<\/div>\n\t\t<div class=\"elementor-element elementor-element-be9a220 elementor-hidden-desktop elementor-hidden-tablet e-flex e-con-boxed e-con e-parent\" data-id=\"be9a220\" data-element_type=\"container\" data-settings=\"{&quot;background_background&quot;:&quot;classic&quot;}\">\n\t\t\t\t\t<div class=\"e-con-inner\">\n\t\t<div class=\"elementor-element elementor-element-3702177 e-con-full e-flex e-con e-child\" data-id=\"3702177\" data-element_type=\"container\">\n\t\t\t\t<div class=\"elementor-element elementor-element-3b53716 elementor-widget elementor-widget-image\" data-id=\"3b53716\" data-element_type=\"widget\" data-widget_type=\"image.default\">\n\t\t\t\t<div class=\"elementor-widget-container\">\n\t\t\t\t\t\t\t\t\t\t\t\t\t\t\t<img loading=\"lazy\" decoding=\"async\" width=\"472\" height=\"325\" src=\"https:\/\/3at.ma\/wp-content\/uploads\/2024\/06\/3AT-W.png\" class=\"attachment-large size-large wp-image-1918\" alt=\"\" srcset=\"https:\/\/3at.ma\/wp-content\/uploads\/2024\/06\/3AT-W.png 472w, https:\/\/3at.ma\/wp-content\/uploads\/2024\/06\/3AT-W-300x207.png 300w\" sizes=\"(max-width: 472px) 100vw, 472px\" \/>\t\t\t\t\t\t\t\t\t\t\t\t\t\t\t<\/div>\n\t\t\t\t<\/div>\n\t\t\t\t<div class=\"elementor-element elementor-element-b645c57 elementor-widget elementor-widget-heading\" data-id=\"b645c57\" data-element_type=\"widget\" data-widget_type=\"heading.default\">\n\t\t\t\t<div class=\"elementor-widget-container\">\n\t\t\t\t\t<h2 class=\"elementor-heading-title elementor-size-default\"><b>A<\/b>gence d\u2019<b>A<\/b>rchitecture<br> et d\u2019<b>A<\/b>m\u00e9nagement <b>T<\/b>ahti<\/h2>\t\t\t\t<\/div>\n\t\t\t\t<\/div>\n\t\t\t\t<\/div>\n\t\t<div class=\"elementor-element elementor-element-a233425 e-con-full e-flex e-con e-child\" data-id=\"a233425\" data-element_type=\"container\">\n\t\t\t\t<div class=\"elementor-element elementor-element-4d87beb elementor-widget elementor-widget-text-editor\" data-id=\"4d87beb\" data-element_type=\"widget\" data-widget_type=\"text-editor.default\">\n\t\t\t\t<div class=\"elementor-widget-container\">\n\t\t\t\t\t\t\t\t\t<p>L\u2019Agence d\u2019Architecture et d\u2019Am\u00e9nagement TAHTI, est un cabinet d\u2019architecture multidisciplinaire de vaste port\u00e9e local. Son si\u00e8ge se trouve \u00e0 Casablanca, au Maroc. Depuis notre fondation en 2000, nous avons mis notre architecture au service de la cr\u00e9ation d\u2019espaces dynamiques et significatifs. Nous sommes r\u00e9put\u00e9s pour notre architecture exceptionnelle et notre choix de l\u2019innovation, la durabilit\u00e9 et l\u2019excellence. L\u2019exp\u00e9rience et la connaissance accumul\u00e9es toutes ces ann\u00e9es nous ont permis de d\u00e9velopper, aux c\u00f4t\u00e9s d\u2019une \u00e9quipe chevronn\u00e9e, plusieurs projets au Maroc.<\/p>\t\t\t\t\t\t\t\t<\/div>\n\t\t\t\t<\/div>\n\t\t\t\t<div class=\"elementor-element elementor-element-b6c876b elementor-mobile-align-center elementor-widget elementor-widget-button\" data-id=\"b6c876b\" data-element_type=\"widget\" data-widget_type=\"button.default\">\n\t\t\t\t<div class=\"elementor-widget-container\">\n\t\t\t\t\t\t\t\t\t<div class=\"elementor-button-wrapper\">\n\t\t\t\t\t<a class=\"elementor-button elementor-button-link elementor-size-sm\" href=\"https:\/\/3at.ma\/\">\n\t\t\t\t\t\t<span class=\"elementor-button-content-wrapper\">\n\t\t\t\t\t\t\t\t\t<span class=\"elementor-button-text\">D\u00e9couvrir<\/span>\n\t\t\t\t\t<\/span>\n\t\t\t\t\t<\/a>\n\t\t\t\t<\/div>\n\t\t\t\t\t\t\t\t<\/div>\n\t\t\t\t<\/div>\n\t\t\t\t<\/div>\n\t\t\t\t\t<\/div>\n\t\t\t\t<\/div>\n\t\t\t\t<\/div>\n\t\t","protected":false},"excerpt":{"rendered":"<p>Tertiaire La collection des travaux pr\u00e9sent\u00e9s ici, est le fruit de plus de 25 ans d\u2019exp\u00e9rience Tertiaire La collection des travaux pr\u00e9sent\u00e9s ici, est le fruit de plus de 25 ans d\u2019exp\u00e9rience La Siesta Mohamm\u00e9dia \u2013 MAROC 2017 &#8211; 2021 Hotel IBIS Mohamm\u00e9dia \u2013 MAROC 2017 &#8211; 2021 NOVOTEL Mohamm\u00e9dia \u2013 MAROC 2017 &#8211; 2021 [&hellip;]<\/p>\n","protected":false},"author":1,"featured_media":0,"parent":0,"menu_order":0,"comment_status":"closed","ping_status":"closed","template":"","meta":{"footnotes":""},"class_list":["post-3288","page","type-page","status-publish","hentry"],"blocksy_meta":[],"_links":{"self":[{"href":"https:\/\/3at.ma\/index.php\/wp-json\/wp\/v2\/pages\/3288","targetHints":{"allow":["GET"]}}],"collection":[{"href":"https:\/\/3at.ma\/index.php\/wp-json\/wp\/v2\/pages"}],"about":[{"href":"https:\/\/3at.ma\/index.php\/wp-json\/wp\/v2\/types\/page"}],"author":[{"embeddable":true,"href":"https:\/\/3at.ma\/index.php\/wp-json\/wp\/v2\/users\/1"}],"replies":[{"embeddable":true,"href":"https:\/\/3at.ma\/index.php\/wp-json\/wp\/v2\/comments?post=3288"}],"version-history":[{"count":29,"href":"https:\/\/3at.ma\/index.php\/wp-json\/wp\/v2\/pages\/3288\/revisions"}],"predecessor-version":[{"id":4725,"href":"https:\/\/3at.ma\/index.php\/wp-json\/wp\/v2\/pages\/3288\/revisions\/4725"}],"wp:attachment":[{"href":"https:\/\/3at.ma\/index.php\/wp-json\/wp\/v2\/media?parent=3288"}],"curies":[{"name":"wp","href":"https:\/\/api.w.org\/{rel}","templated":true}]}}