{"id":4710,"date":"2024-10-22T12:40:42","date_gmt":"2024-10-22T12:40:42","guid":{"rendered":"https:\/\/3at.ma\/?page_id=4710"},"modified":"2024-10-22T14:05:16","modified_gmt":"2024-10-22T14:05:16","slug":"piscine","status":"publish","type":"page","link":"https:\/\/3at.ma\/index.php\/piscine\/","title":{"rendered":"Piscine"},"content":{"rendered":"\t\t<div data-elementor-type=\"wp-page\" data-elementor-id=\"4710\" class=\"elementor elementor-4710\">\n\t\t\t\t<div class=\"elementor-element elementor-element-a834e07 e-con-full e-flex e-con e-parent\" data-id=\"a834e07\" data-element_type=\"container\" data-settings=\"{&quot;background_background&quot;:&quot;classic&quot;}\">\n\t\t\t\t<\/div>\n\t\t<div class=\"elementor-element elementor-element-44be7c0 e-flex e-con-boxed e-con e-parent\" data-id=\"44be7c0\" data-element_type=\"container\">\n\t\t\t\t\t<div class=\"e-con-inner\">\n\t\t\t\t<div class=\"elementor-element elementor-element-e7b2d3f elementor-widget elementor-widget-heading\" data-id=\"e7b2d3f\" data-element_type=\"widget\" data-widget_type=\"heading.default\">\n\t\t\t\t<div class=\"elementor-widget-container\">\n\t\t\t\t\t<h2 class=\"elementor-heading-title elementor-size-default\">PISCINE SEMI-OLYMPIQUE<\/h2>\t\t\t\t<\/div>\n\t\t\t\t<\/div>\n\t\t\t\t<div class=\"elementor-element elementor-element-7d7f66b elementor-widget elementor-widget-text-editor\" data-id=\"7d7f66b\" data-element_type=\"widget\" data-widget_type=\"text-editor.default\">\n\t\t\t\t<div class=\"elementor-widget-container\">\n\t\t\t\t\t\t\t\t\t<p>Le projet se d\u00e9marque par une axialit\u00e9 et une imbrication de deux volumes r\u00e9guliers.<br \/>Le premier volume comporte la consitance suviante : hall et orientation, administration, douches ,sanitaires. <br \/>Le deuxieme volume est imposant par sa hauteur et sa mat\u00e9rialit\u00e9. Il abrite le bassin en structure autoportante en bois lamell\u00e9 coll\u00e9.<\/p>\t\t\t\t\t\t\t\t<\/div>\n\t\t\t\t<\/div>\n\t\t\t\t\t<\/div>\n\t\t\t\t<\/div>\n\t\t<div class=\"elementor-element elementor-element-9534a45 elementor-hidden-mobile e-flex e-con-boxed e-con e-parent\" data-id=\"9534a45\" data-element_type=\"container\">\n\t\t\t\t\t<div class=\"e-con-inner\">\n\t\t<div class=\"elementor-element elementor-element-1e4921e e-con-full e-flex e-con e-child\" data-id=\"1e4921e\" data-element_type=\"container\">\n\t\t\t\t<div class=\"elementor-element elementor-element-75ebe43 elementor-widget elementor-widget-text-editor\" data-id=\"75ebe43\" data-element_type=\"widget\" data-widget_type=\"text-editor.default\">\n\t\t\t\t<div class=\"elementor-widget-container\">\n\t\t\t\t\t\t\t\t\t<p>Localisation<br \/>Ann\u00e9e<br \/>Programme<br \/>Co\u00fbt des travaux\u00a0<br \/>Maitrise d\u2019ouvrage\u00a0<br \/>\u00c9tat<\/p>\t\t\t\t\t\t\t\t<\/div>\n\t\t\t\t<\/div>\n\t\t\t\t<\/div>\n\t\t<div class=\"elementor-element elementor-element-f1e05cf e-con-full e-flex e-con e-child\" data-id=\"f1e05cf\" data-element_type=\"container\">\n\t\t\t\t<div class=\"elementor-element elementor-element-ed74fab elementor-widget elementor-widget-text-editor\" data-id=\"ed74fab\" data-element_type=\"widget\" data-widget_type=\"text-editor.default\">\n\t\t\t\t<div class=\"elementor-widget-container\">\n\t\t\t\t\t\t\t\t\t<p>Mohamm\u00e9dia &#8211; MAROC<br \/>2017 &#8211; 2021<br \/>Logements &#8211; Commerces<br \/>10.000.000 Dh TTC<br \/>U CLUB OCP SAFI<br \/>R\u00e9alis\u00e9<\/p>\t\t\t\t\t\t\t\t<\/div>\n\t\t\t\t<\/div>\n\t\t\t\t<\/div>\n\t\t\t\t\t<\/div>\n\t\t\t\t<\/div>\n\t\t<div class=\"elementor-element elementor-element-32d10c2 e-flex e-con-boxed e-con e-parent\" data-id=\"32d10c2\" data-element_type=\"container\">\n\t\t\t\t\t<div class=\"e-con-inner\">\n\t\t\t\t<div class=\"elementor-element elementor-element-4e01ef7 elementor-widget elementor-widget-image\" data-id=\"4e01ef7\" data-element_type=\"widget\" data-widget_type=\"image.default\">\n\t\t\t\t<div class=\"elementor-widget-container\">\n\t\t\t\t\t\t\t\t\t\t\t\t\t\t\t<img fetchpriority=\"high\" decoding=\"async\" width=\"2560\" height=\"1440\" src=\"https:\/\/3at.ma\/wp-content\/uploads\/2024\/06\/hghg-copie-scaled.jpg\" class=\"attachment-full size-full wp-image-1811\" alt=\"\" srcset=\"https:\/\/3at.ma\/wp-content\/uploads\/2024\/06\/hghg-copie-scaled.jpg 2560w, https:\/\/3at.ma\/wp-content\/uploads\/2024\/06\/hghg-copie-300x169.jpg 300w, https:\/\/3at.ma\/wp-content\/uploads\/2024\/06\/hghg-copie-1024x576.jpg 1024w, https:\/\/3at.ma\/wp-content\/uploads\/2024\/06\/hghg-copie-768x432.jpg 768w, https:\/\/3at.ma\/wp-content\/uploads\/2024\/06\/hghg-copie-1536x864.jpg 1536w, https:\/\/3at.ma\/wp-content\/uploads\/2024\/06\/hghg-copie-2048x1152.jpg 2048w\" sizes=\"(max-width: 2560px) 100vw, 2560px\" \/>\t\t\t\t\t\t\t\t\t\t\t\t\t\t\t<\/div>\n\t\t\t\t<\/div>\n\t\t\t\t\t<\/div>\n\t\t\t\t<\/div>\n\t\t<div class=\"elementor-element elementor-element-07bc4b4 e-flex e-con-boxed e-con e-parent\" data-id=\"07bc4b4\" data-element_type=\"container\">\n\t\t\t\t\t<div class=\"e-con-inner\">\n\t\t<div class=\"elementor-element elementor-element-854d4d2 e-con-full e-flex e-con e-child\" data-id=\"854d4d2\" data-element_type=\"container\" data-settings=\"{&quot;background_background&quot;:&quot;classic&quot;}\">\n\t\t\t\t<\/div>\n\t\t<div class=\"elementor-element elementor-element-4190edb e-con-full e-flex e-con e-child\" data-id=\"4190edb\" data-element_type=\"container\" data-settings=\"{&quot;background_background&quot;:&quot;classic&quot;}\">\n\t\t\t\t<\/div>\n\t\t\t\t\t<\/div>\n\t\t\t\t<\/div>\n\t\t<div class=\"elementor-element elementor-element-06d8eeb e-flex e-con-boxed e-con e-parent\" data-id=\"06d8eeb\" data-element_type=\"container\">\n\t\t\t\t\t<div class=\"e-con-inner\">\n\t\t<div class=\"elementor-element elementor-element-05e45e3 e-con-full e-flex e-con e-child\" data-id=\"05e45e3\" data-element_type=\"container\" data-settings=\"{&quot;background_background&quot;:&quot;classic&quot;}\">\n\t\t\t\t<\/div>\n\t\t<div class=\"elementor-element elementor-element-b93d9f7 e-con-full e-flex e-con e-child\" data-id=\"b93d9f7\" data-element_type=\"container\" data-settings=\"{&quot;background_background&quot;:&quot;classic&quot;}\">\n\t\t\t\t<\/div>\n\t\t<div class=\"elementor-element elementor-element-e2f21f2 e-con-full e-flex e-con e-child\" data-id=\"e2f21f2\" data-element_type=\"container\" data-settings=\"{&quot;background_background&quot;:&quot;classic&quot;}\">\n\t\t\t\t<\/div>\n\t\t\t\t\t<\/div>\n\t\t\t\t<\/div>\n\t\t\t\t<\/div>\n\t\t","protected":false},"excerpt":{"rendered":"<p>PISCINE SEMI-OLYMPIQUE Le projet se d\u00e9marque par une axialit\u00e9 et une imbrication de deux volumes r\u00e9guliers.Le premier volume comporte la consitance suviante : hall et orientation, administration, douches ,sanitaires. Le deuxieme volume est imposant par sa hauteur et sa mat\u00e9rialit\u00e9. Il abrite le bassin en structure autoportante en bois lamell\u00e9 coll\u00e9. LocalisationAnn\u00e9eProgrammeCo\u00fbt des travaux\u00a0Maitrise d\u2019ouvrage\u00a0\u00c9tat [&hellip;]<\/p>\n","protected":false},"author":1,"featured_media":0,"parent":0,"menu_order":0,"comment_status":"closed","ping_status":"closed","template":"","meta":{"footnotes":""},"class_list":["post-4710","page","type-page","status-publish","hentry"],"blocksy_meta":[],"_links":{"self":[{"href":"https:\/\/3at.ma\/index.php\/wp-json\/wp\/v2\/pages\/4710","targetHints":{"allow":["GET"]}}],"collection":[{"href":"https:\/\/3at.ma\/index.php\/wp-json\/wp\/v2\/pages"}],"about":[{"href":"https:\/\/3at.ma\/index.php\/wp-json\/wp\/v2\/types\/page"}],"author":[{"embeddable":true,"href":"https:\/\/3at.ma\/index.php\/wp-json\/wp\/v2\/users\/1"}],"replies":[{"embeddable":true,"href":"https:\/\/3at.ma\/index.php\/wp-json\/wp\/v2\/comments?post=4710"}],"version-history":[{"count":10,"href":"https:\/\/3at.ma\/index.php\/wp-json\/wp\/v2\/pages\/4710\/revisions"}],"predecessor-version":[{"id":4724,"href":"https:\/\/3at.ma\/index.php\/wp-json\/wp\/v2\/pages\/4710\/revisions\/4724"}],"wp:attachment":[{"href":"https:\/\/3at.ma\/index.php\/wp-json\/wp\/v2\/media?parent=4710"}],"curies":[{"name":"wp","href":"https:\/\/api.w.org\/{rel}","templated":true}]}}